{"id":13607,"date":"2021-12-07T12:34:54","date_gmt":"2021-12-07T20:34:54","guid":{"rendered":"http:\/\/bcweededible.net\/buy\/non%20class\u00e9\/99-oz-aaa-super-lemon-haze\/"},"modified":"2026-03-25T13:21:13","modified_gmt":"2026-03-25T20:21:13","slug":"super-lemon-haze","status":"publish","type":"product","link":"https:\/\/stgbc.bcweededible.net\/fr\/buy\/gros\/pot-gros\/super-lemon-haze\/","title":{"rendered":"99 oz AAA Super Lemon Haze"},"content":{"rendered":"<p><strong>Super Lemon Haze<\/strong> est une vari\u00e9t\u00e9 inf\u00e2me connue pour avoir \u00e9t\u00e9 deux fois r\u00e9cipiendaire de la High Times Cannabis Cup. Pour une vari\u00e9t\u00e9 Sativa, Super Lemon Haze contient des niveaux de THC d\u00e9cents, en moyenne autour de 22-25 %. Les effets de cette vari\u00e9t\u00e9 sont d\u00e9crits comme \u00e9tant vifs et \u00e9difiants. Ses caract\u00e9ristiques euphoriques et douces le rendent id\u00e9al pour une utilisation de jour.<\/p>\n<h2><strong>Effets<\/strong><\/h2>\n<ul>\n<li class=\"text-sm font-bold text-deep-green\">Content<\/li>\n<li class=\"text-sm font-bold text-deep-green\">La cr\u00e9ativit\u00e9<\/li>\n<li class=\"text-sm font-bold text-deep-green\">Se concentrer<\/li>\n<li class=\"text-sm font-bold text-deep-green\">Euphorique<\/li>\n<li class=\"text-sm font-bold text-deep-green\">\u00c9nergique<\/li>\n<\/ul>\n<h2>Apparence, ar\u00f4me et go\u00fbt<\/h2>\n<p>En tant que croisement entre Lemon Skunk et Super Silver Haze, cette vari\u00e9t\u00e9 produit des bourgeons qui ont une abondance de trichomes. Il a \u00e9galement des trichomes givr\u00e9s avec des accents orange pr\u00e8s du tiers inf\u00e9rieur de chaque p\u00e9tale de fleur. L&#8217;odeur est tr\u00e8s acidul\u00e9e mais aussi douce \u00e0 la fois de par son profil gustatif en expirant de la fum\u00e9e ou sur votre langue lorsque vous en mordez une par la suite !<\/p>\n","protected":false},"excerpt":{"rendered":"<p><strong>Super Lemon Haze<\/strong> est une vari\u00e9t\u00e9 de marijuana hybride \u00e0 dominance sativa qui a \u00e9t\u00e9 class\u00e9e meilleure dans trois Cannabis Cups diff\u00e9rentes. ce qui en fait un cookie difficile \u00e0 battre\u00a0! Les effets sont tr\u00e8s \u00e9nerg\u00e9tiques et am\u00e9liorent la cr\u00e9ativit\u00e9. Comme son nom l&#8217;indique, cette vari\u00e9t\u00e9 a un parfum citronn\u00e9 qui surpasse tout aspect terreux typique des autres vari\u00e9t\u00e9s.<\/p>\n<p><strong>Odeurs citronn\u00e9es, acidul\u00e9es et sucr\u00e9es ! <\/strong><strong>Beaucoup de cristaux, prix incroyable\u00a0!<\/strong><\/p>\n","protected":false},"featured_media":83865,"comment_status":"open","ping_status":"closed","template":"","meta":[],"product_brand":[],"product_cat":[245,293,470,289,292,452,295],"product_tag":[],"class_list":{"0":"post-13607","1":"product","2":"type-product","3":"status-publish","4":"has-post-thumbnail","6":"product_cat-fleurs-cannabis","7":"product_cat-hybrid-fr","8":"product_cat-livre-de-pot","9":"product_cat-99-oz-fr","10":"product_cat-ounces-pas-cher","11":"product_cat-pot-gros","12":"product_cat-sativa-fr","14":"first","15":"outofstock","16":"featured","17":"shipping-taxable","18":"purchasable","19":"product-type-variable","20":"has-default-attributes"},"yoast_head":"\n<title>Acheter 99 oz AAA Super Lemon Haze en Ligne Canada | BC Weed Edible<\/title>\n<meta name=\"robots\" content=\"index, follow, max-snippet:-1, max-image-preview:large, max-video-preview:-1\" \/>\n<link rel=\"canonical\" href=\"https:\/\/stgbc.bcweededible.net\/fr\/buy\/gros\/pot-gros\/super-lemon-haze\/\" \/>\n<meta property=\"og:locale\" content=\"fr_FR\" \/>\n<meta property=\"og:type\" content=\"article\" \/>\n<meta property=\"og:title\" content=\"Acheter 99 oz AAA Super Lemon Haze en Ligne Canada | BC Weed Edible\" \/>\n<meta property=\"og:description\" content=\"Super Lemon Haze est une vari\u00e9t\u00e9 de marijuana hybride \u00e0 dominance sativa qui a \u00e9t\u00e9 class\u00e9e meilleure dans trois Cannabis Cups diff\u00e9rentes. ce qui en fait un cookie difficile \u00e0 battre\u00a0! Les effets sont tr\u00e8s \u00e9nerg\u00e9tiques et am\u00e9liorent la cr\u00e9ativit\u00e9. Comme son nom l&#039;indique, cette vari\u00e9t\u00e9 a un parfum citronn\u00e9 qui surpasse tout aspect terreux typique des autres vari\u00e9t\u00e9s. Odeurs citronn\u00e9es, acidul\u00e9es et sucr\u00e9es ! Beaucoup de cristaux, prix incroyable\u00a0!\" \/>\n<meta property=\"og:url\" content=\"https:\/\/stgbc.bcweededible.net\/fr\/buy\/gros\/pot-gros\/super-lemon-haze\/\" \/>\n<meta property=\"og:site_name\" content=\"BC Weed Edible\" \/>\n<meta property=\"article:modified_time\" content=\"2026-03-25T20:21:13+00:00\" \/>\n<meta property=\"og:image\" content=\"https:\/\/stgbc.bcweededible.net\/wp-content\/uploads\/2021\/12\/super-lemon-haze-1bud.jpg\" \/>\n\t<meta property=\"og:image:width\" content=\"1500\" \/>\n\t<meta property=\"og:image:height\" content=\"1500\" \/>\n\t<meta property=\"og:image:type\" content=\"image\/jpeg\" \/>\n<meta name=\"twitter:card\" content=\"summary_large_image\" \/>\n<meta name=\"twitter:label1\" content=\"Dur\u00e9e de lecture estim\u00e9e\" \/>\n\t<meta name=\"twitter:data1\" content=\"1 minute\" \/>\n<script type=\"application\/ld+json\" class=\"yoast-schema-graph\">{\"@context\":\"https:\\\/\\\/schema.org\",\"@graph\":[{\"@type\":\"WebPage\",\"@id\":\"https:\\\/\\\/stgbc.bcweededible.net\\\/fr\\\/buy\\\/gros\\\/pot-gros\\\/super-lemon-haze\\\/\",\"url\":\"https:\\\/\\\/stgbc.bcweededible.net\\\/fr\\\/buy\\\/gros\\\/pot-gros\\\/super-lemon-haze\\\/\",\"name\":\"Acheter 99 oz AAA Super Lemon Haze en Ligne Canada | BC Weed Edible\",\"isPartOf\":{\"@id\":\"https:\\\/\\\/stgbc.bcweededible.net\\\/fr\\\/#website\"},\"primaryImageOfPage\":{\"@id\":\"https:\\\/\\\/stgbc.bcweededible.net\\\/fr\\\/buy\\\/gros\\\/pot-gros\\\/super-lemon-haze\\\/#primaryimage\"},\"image\":{\"@id\":\"https:\\\/\\\/stgbc.bcweededible.net\\\/fr\\\/buy\\\/gros\\\/pot-gros\\\/super-lemon-haze\\\/#primaryimage\"},\"thumbnailUrl\":\"https:\\\/\\\/stgbc.bcweededible.net\\\/wp-content\\\/uploads\\\/2021\\\/12\\\/super-lemon-haze-1bud.jpg\",\"datePublished\":\"2021-12-07T20:34:54+00:00\",\"dateModified\":\"2026-03-25T20:21:13+00:00\",\"breadcrumb\":{\"@id\":\"https:\\\/\\\/stgbc.bcweededible.net\\\/fr\\\/buy\\\/gros\\\/pot-gros\\\/super-lemon-haze\\\/#breadcrumb\"},\"inLanguage\":\"fr-FR\",\"potentialAction\":[{\"@type\":\"ReadAction\",\"target\":[\"https:\\\/\\\/stgbc.bcweededible.net\\\/fr\\\/buy\\\/gros\\\/pot-gros\\\/super-lemon-haze\\\/\"]}]},{\"@type\":\"ImageObject\",\"inLanguage\":\"fr-FR\",\"@id\":\"https:\\\/\\\/stgbc.bcweededible.net\\\/fr\\\/buy\\\/gros\\\/pot-gros\\\/super-lemon-haze\\\/#primaryimage\",\"url\":\"https:\\\/\\\/stgbc.bcweededible.net\\\/wp-content\\\/uploads\\\/2021\\\/12\\\/super-lemon-haze-1bud.jpg\",\"contentUrl\":\"https:\\\/\\\/stgbc.bcweededible.net\\\/wp-content\\\/uploads\\\/2021\\\/12\\\/super-lemon-haze-1bud.jpg\",\"width\":1500,\"height\":1500,\"caption\":\"super lemon haze strain\"},{\"@type\":\"BreadcrumbList\",\"@id\":\"https:\\\/\\\/stgbc.bcweededible.net\\\/fr\\\/buy\\\/gros\\\/pot-gros\\\/super-lemon-haze\\\/#breadcrumb\",\"itemListElement\":[{\"@type\":\"ListItem\",\"position\":1,\"name\":\"Jujubes au Pot Canada\",\"item\":\"https:\\\/\\\/stgbc.bcweededible.net\\\/fr\\\/shop\\\/\"},{\"@type\":\"ListItem\",\"position\":2,\"name\":\"99 oz AAA Super Lemon Haze\"}]},{\"@type\":\"WebSite\",\"@id\":\"https:\\\/\\\/stgbc.bcweededible.net\\\/fr\\\/#website\",\"url\":\"https:\\\/\\\/stgbc.bcweededible.net\\\/fr\\\/\",\"name\":\"BC Weed Edible\",\"description\":\"\",\"publisher\":{\"@id\":\"https:\\\/\\\/stgbc.bcweededible.net\\\/fr\\\/#organization\"},\"potentialAction\":[{\"@type\":\"SearchAction\",\"target\":{\"@type\":\"EntryPoint\",\"urlTemplate\":\"https:\\\/\\\/stgbc.bcweededible.net\\\/fr\\\/?s={search_term_string}\"},\"query-input\":{\"@type\":\"PropertyValueSpecification\",\"valueRequired\":true,\"valueName\":\"search_term_string\"}}],\"inLanguage\":\"fr-FR\"},{\"@type\":\"Organization\",\"@id\":\"https:\\\/\\\/stgbc.bcweededible.net\\\/fr\\\/#organization\",\"name\":\"BC Weed Edible\",\"url\":\"https:\\\/\\\/stgbc.bcweededible.net\\\/fr\\\/\",\"logo\":{\"@type\":\"ImageObject\",\"inLanguage\":\"fr-FR\",\"@id\":\"https:\\\/\\\/stgbc.bcweededible.net\\\/fr\\\/#\\\/schema\\\/logo\\\/image\\\/\",\"url\":\"https:\\\/\\\/stgbc.bcweededible.net\\\/wp-content\\\/uploads\\\/2021\\\/12\\\/bc-weed-edible-canada.png\",\"contentUrl\":\"https:\\\/\\\/stgbc.bcweededible.net\\\/wp-content\\\/uploads\\\/2021\\\/12\\\/bc-weed-edible-canada.png\",\"width\":270,\"height\":185,\"caption\":\"BC Weed Edible\"},\"image\":{\"@id\":\"https:\\\/\\\/stgbc.bcweededible.net\\\/fr\\\/#\\\/schema\\\/logo\\\/image\\\/\"}}]}<\/script>\n","yoast_head_json":{"title":"Acheter 99 oz AAA Super Lemon Haze en Ligne Canada | BC Weed Edible","robots":{"index":"index","follow":"follow","max-snippet":"max-snippet:-1","max-image-preview":"max-image-preview:large","max-video-preview":"max-video-preview:-1"},"canonical":"https:\/\/stgbc.bcweededible.net\/fr\/buy\/gros\/pot-gros\/super-lemon-haze\/","og_locale":"fr_FR","og_type":"article","og_title":"Acheter 99 oz AAA Super Lemon Haze en Ligne Canada | BC Weed Edible","og_description":"Super Lemon Haze est une vari\u00e9t\u00e9 de marijuana hybride \u00e0 dominance sativa qui a \u00e9t\u00e9 class\u00e9e meilleure dans trois Cannabis Cups diff\u00e9rentes. ce qui en fait un cookie difficile \u00e0 battre\u00a0! Les effets sont tr\u00e8s \u00e9nerg\u00e9tiques et am\u00e9liorent la cr\u00e9ativit\u00e9. Comme son nom l'indique, cette vari\u00e9t\u00e9 a un parfum citronn\u00e9 qui surpasse tout aspect terreux typique des autres vari\u00e9t\u00e9s. Odeurs citronn\u00e9es, acidul\u00e9es et sucr\u00e9es ! Beaucoup de cristaux, prix incroyable\u00a0!","og_url":"https:\/\/stgbc.bcweededible.net\/fr\/buy\/gros\/pot-gros\/super-lemon-haze\/","og_site_name":"BC Weed Edible","article_modified_time":"2026-03-25T20:21:13+00:00","og_image":[{"width":1500,"height":1500,"url":"https:\/\/stgbc.bcweededible.net\/wp-content\/uploads\/2021\/12\/super-lemon-haze-1bud.jpg","type":"image\/jpeg"}],"twitter_card":"summary_large_image","twitter_misc":{"Dur\u00e9e de lecture estim\u00e9e":"1 minute"},"schema":{"@context":"https:\/\/schema.org","@graph":[{"@type":"WebPage","@id":"https:\/\/stgbc.bcweededible.net\/fr\/buy\/gros\/pot-gros\/super-lemon-haze\/","url":"https:\/\/stgbc.bcweededible.net\/fr\/buy\/gros\/pot-gros\/super-lemon-haze\/","name":"Acheter 99 oz AAA Super Lemon Haze en Ligne Canada | BC Weed Edible","isPartOf":{"@id":"https:\/\/stgbc.bcweededible.net\/fr\/#website"},"primaryImageOfPage":{"@id":"https:\/\/stgbc.bcweededible.net\/fr\/buy\/gros\/pot-gros\/super-lemon-haze\/#primaryimage"},"image":{"@id":"https:\/\/stgbc.bcweededible.net\/fr\/buy\/gros\/pot-gros\/super-lemon-haze\/#primaryimage"},"thumbnailUrl":"https:\/\/stgbc.bcweededible.net\/wp-content\/uploads\/2021\/12\/super-lemon-haze-1bud.jpg","datePublished":"2021-12-07T20:34:54+00:00","dateModified":"2026-03-25T20:21:13+00:00","breadcrumb":{"@id":"https:\/\/stgbc.bcweededible.net\/fr\/buy\/gros\/pot-gros\/super-lemon-haze\/#breadcrumb"},"inLanguage":"fr-FR","potentialAction":[{"@type":"ReadAction","target":["https:\/\/stgbc.bcweededible.net\/fr\/buy\/gros\/pot-gros\/super-lemon-haze\/"]}]},{"@type":"ImageObject","inLanguage":"fr-FR","@id":"https:\/\/stgbc.bcweededible.net\/fr\/buy\/gros\/pot-gros\/super-lemon-haze\/#primaryimage","url":"https:\/\/stgbc.bcweededible.net\/wp-content\/uploads\/2021\/12\/super-lemon-haze-1bud.jpg","contentUrl":"https:\/\/stgbc.bcweededible.net\/wp-content\/uploads\/2021\/12\/super-lemon-haze-1bud.jpg","width":1500,"height":1500,"caption":"super lemon haze strain"},{"@type":"BreadcrumbList","@id":"https:\/\/stgbc.bcweededible.net\/fr\/buy\/gros\/pot-gros\/super-lemon-haze\/#breadcrumb","itemListElement":[{"@type":"ListItem","position":1,"name":"Jujubes au Pot Canada","item":"https:\/\/stgbc.bcweededible.net\/fr\/shop\/"},{"@type":"ListItem","position":2,"name":"99 oz AAA Super Lemon Haze"}]},{"@type":"WebSite","@id":"https:\/\/stgbc.bcweededible.net\/fr\/#website","url":"https:\/\/stgbc.bcweededible.net\/fr\/","name":"BC Weed Edible","description":"","publisher":{"@id":"https:\/\/stgbc.bcweededible.net\/fr\/#organization"},"potentialAction":[{"@type":"SearchAction","target":{"@type":"EntryPoint","urlTemplate":"https:\/\/stgbc.bcweededible.net\/fr\/?s={search_term_string}"},"query-input":{"@type":"PropertyValueSpecification","valueRequired":true,"valueName":"search_term_string"}}],"inLanguage":"fr-FR"},{"@type":"Organization","@id":"https:\/\/stgbc.bcweededible.net\/fr\/#organization","name":"BC Weed Edible","url":"https:\/\/stgbc.bcweededible.net\/fr\/","logo":{"@type":"ImageObject","inLanguage":"fr-FR","@id":"https:\/\/stgbc.bcweededible.net\/fr\/#\/schema\/logo\/image\/","url":"https:\/\/stgbc.bcweededible.net\/wp-content\/uploads\/2021\/12\/bc-weed-edible-canada.png","contentUrl":"https:\/\/stgbc.bcweededible.net\/wp-content\/uploads\/2021\/12\/bc-weed-edible-canada.png","width":270,"height":185,"caption":"BC Weed Edible"},"image":{"@id":"https:\/\/stgbc.bcweededible.net\/fr\/#\/schema\/logo\/image\/"}}]}},"_links":{"self":[{"href":"https:\/\/stgbc.bcweededible.net\/fr\/wp-json\/wp\/v2\/product\/13607","targetHints":{"allow":["GET"]}}],"collection":[{"href":"https:\/\/stgbc.bcweededible.net\/fr\/wp-json\/wp\/v2\/product"}],"about":[{"href":"https:\/\/stgbc.bcweededible.net\/fr\/wp-json\/wp\/v2\/types\/product"}],"replies":[{"embeddable":true,"href":"https:\/\/stgbc.bcweededible.net\/fr\/wp-json\/wp\/v2\/comments?post=13607"}],"wp:featuredmedia":[{"embeddable":true,"href":"https:\/\/stgbc.bcweededible.net\/fr\/wp-json\/wp\/v2\/media\/83865"}],"wp:attachment":[{"href":"https:\/\/stgbc.bcweededible.net\/fr\/wp-json\/wp\/v2\/media?parent=13607"}],"wp:term":[{"taxonomy":"product_brand","embeddable":true,"href":"https:\/\/stgbc.bcweededible.net\/fr\/wp-json\/wp\/v2\/product_brand?post=13607"},{"taxonomy":"product_cat","embeddable":true,"href":"https:\/\/stgbc.bcweededible.net\/fr\/wp-json\/wp\/v2\/product_cat?post=13607"},{"taxonomy":"product_tag","embeddable":true,"href":"https:\/\/stgbc.bcweededible.net\/fr\/wp-json\/wp\/v2\/product_tag?post=13607"}],"curies":[{"name":"wp","href":"https:\/\/api.w.org\/{rel}","templated":true}]}}