{"id":13601,"date":"2022-02-06T12:41:55","date_gmt":"2022-02-06T19:41:55","guid":{"rendered":"http:\/\/bcweededible.net\/buy\/non%20class\u00e9\/assortiment-de-saveurs-jujubes-a-macher-10mg-thc\/"},"modified":"2026-03-26T07:32:23","modified_gmt":"2026-03-26T14:32:23","slug":"10mg-jujubes-assortiment","status":"publish","type":"product","link":"https:\/\/stgbc.bcweededible.net\/fr\/buy\/comestibles\/pas-cher\/10mg-jujubes-assortiment\/","title":{"rendered":"Assortiment Edibles THC 10mg"},"content":{"rendered":"","protected":false},"excerpt":{"rendered":"<p>Vous \u00eates \u00e0 une bouch\u00e9e du paradis avec l&#8217;Assortiment Edibles THC 10mg. Cet assortiment est parfait pour les <strong>d\u00e9butants en mati\u00e8re de comestibles <\/strong>et de cannabis en g\u00e9n\u00e9ral<strong>.<\/strong> Si vous voulez essayer diff\u00e9rentes saveurs et d\u00e9terminer laquelle est votre pr\u00e9f\u00e9r\u00e9e, ce produit est fait pour vous.<\/p>\n<p>Nous vous sugg\u00e9rons fortement de <strong>lire notre <a href=\"https:\/\/stgbc.bcweededible.net\/fr\/tableau-dosage-comestibles-pot\/\">tableau de dosage comestible par poids<\/a><\/strong> qui vous aidera \u00e0 d\u00e9terminer le dosage dont vous avez besoin pour l&#8217;exp\u00e9rience. La <strong>dose maximale recommand\u00e9e pour les d\u00e9butants est de 10 mg<\/strong> et vous devez attendre au moins 2 heures avant d&#8217;ing\u00e9rer d&#8217;autres produits comestibles.<\/p>\n<p>Cet assortiment comprend <strong>quatre saveurs diff\u00e9rentes<\/strong> : Cerise, Mangue, Fruit de la passion et Fraise. Chaque jujube contient une quantit\u00e9 pr\u00e9cise de 10 mg de THC. <strong>\u00c9conomisez 20% sur le prix de vente<\/strong> en achetant cet assortiment. Les jujubes sont sucr\u00e9s avec un go\u00fbt de cannabis minimal et une valeur maximale.<\/p>\n<h3>Qu&#8217;est-ce qu&#8217;il y a dans cet assortiment Edibles THC 10mg ?<\/h3>\n<p>Voyons maintenant ce qui vous attend dans cet assortiment :<\/p>\n<ul>\n<li><strong>16 paquets<\/strong> avec 2 saveurs diff\u00e9rentes et des vari\u00e9t\u00e9s Sativa et Indica 10x10mg <a href=\"https:\/\/stgbc.bcweededible.net\/fr\/buy\/marques\/eden-edibles-fr\/20mg-thc-jujubes\/\">THC Jujubes<\/a>.<\/li>\n<\/ul>\n<p><strong>Avertissement :<\/strong> Ne pas utiliser si vous \u00eates enceinte, ne pas conduire ou utiliser de la machinerie lourde apr\u00e8s ingestion. Tenir hors de port\u00e9e des enfants et des animaux domestiques.<\/p>\n<p><strong>Conservation :<\/strong> 6 mois au r\u00e9frig\u00e9rateur, 2 mois \u00e0 temp\u00e9rature ambiante.<\/p>\n","protected":false},"featured_media":9932,"comment_status":"open","ping_status":"closed","template":"","meta":[],"product_brand":[],"product_cat":[244,246,276,656,280],"product_tag":[],"class_list":{"0":"post-13601","1":"product","2":"type-product","3":"status-publish","4":"has-post-thumbnail","6":"product_cat-comestibles","7":"product_cat-pas-cher","8":"product_cat-jujubes","9":"product_cat-loffre-groupee","10":"product_cat-vegan-fr","12":"first","13":"instock","14":"sale","15":"shipping-taxable","16":"purchasable","17":"product-type-simple"},"yoast_head":"\n<title>Acheter un assortiment Jujubes \u00e0 m\u00e2cher 10mg en ligne Canada | Dispensaire comestible | BC Weed Edible<\/title>\n<meta name=\"robots\" content=\"index, follow, max-snippet:-1, max-image-preview:large, max-video-preview:-1\" \/>\n<link rel=\"canonical\" href=\"https:\/\/stgbc.bcweededible.net\/fr\/buy\/comestibles\/pas-cher\/10mg-jujubes-assortiment\/\" \/>\n<meta property=\"og:locale\" content=\"fr_FR\" \/>\n<meta property=\"og:type\" content=\"article\" \/>\n<meta property=\"og:title\" content=\"Acheter un assortiment Jujubes \u00e0 m\u00e2cher 10mg en ligne Canada | Dispensaire comestible | BC Weed Edible\" \/>\n<meta property=\"og:description\" content=\"Vous \u00eates \u00e0 une bouch\u00e9e du paradis avec l&#039;Assortiment Edibles THC 10mg. Cet assortiment est parfait pour les d\u00e9butants en mati\u00e8re de comestibles et de cannabis en g\u00e9n\u00e9ral. Si vous voulez essayer diff\u00e9rentes saveurs et d\u00e9terminer laquelle est votre pr\u00e9f\u00e9r\u00e9e, ce produit est fait pour vous. Nous vous sugg\u00e9rons fortement de lire notre tableau de dosage comestible par poids qui vous aidera \u00e0 d\u00e9terminer le dosage dont vous avez besoin pour l&#039;exp\u00e9rience. La dose maximale recommand\u00e9e pour les d\u00e9butants est de 10 mg et vous devez attendre au moins 2 heures avant d&#039;ing\u00e9rer d&#039;autres produits comestibles. Cet assortiment comprend quatre saveurs diff\u00e9rentes : Cerise, Mangue, Fruit de la passion et Fraise. Chaque jujube contient une quantit\u00e9 pr\u00e9cise de 10 mg de THC. \u00c9conomisez 20% sur le prix de vente en achetant cet assortiment. Les jujubes sont sucr\u00e9s avec un go\u00fbt de cannabis minimal et une valeur maximale. Qu&#039;est-ce qu&#039;il y a dans cet assortiment Edibles THC 10mg ? Voyons maintenant ce qui vous attend dans cet assortiment : 16 paquets avec 2 saveurs diff\u00e9rentes et des vari\u00e9t\u00e9s Sativa et Indica 10x10mg THC Jujubes. Avertissement : Ne pas utiliser si vous \u00eates enceinte, ne pas conduire ou utiliser de la machinerie lourde apr\u00e8s ingestion. Tenir hors de port\u00e9e des enfants et des animaux domestiques. Conservation : 6 mois au r\u00e9frig\u00e9rateur, 2 mois \u00e0 temp\u00e9rature ambiante.\" \/>\n<meta property=\"og:url\" content=\"https:\/\/stgbc.bcweededible.net\/fr\/buy\/comestibles\/pas-cher\/10mg-jujubes-assortiment\/\" \/>\n<meta property=\"og:site_name\" content=\"BC Weed Edible\" \/>\n<meta property=\"article:modified_time\" content=\"2026-03-26T14:32:23+00:00\" \/>\n<meta property=\"og:image\" content=\"https:\/\/stgbc.bcweededible.net\/wp-content\/uploads\/2021\/12\/10mg-gummies-flavour-assortment.jpg\" \/>\n\t<meta property=\"og:image:width\" content=\"600\" \/>\n\t<meta property=\"og:image:height\" content=\"600\" \/>\n\t<meta property=\"og:image:type\" content=\"image\/jpeg\" \/>\n<meta name=\"twitter:card\" content=\"summary_large_image\" \/>\n<script type=\"application\/ld+json\" class=\"yoast-schema-graph\">{\"@context\":\"https:\\\/\\\/schema.org\",\"@graph\":[{\"@type\":\"WebPage\",\"@id\":\"https:\\\/\\\/stgbc.bcweededible.net\\\/fr\\\/buy\\\/comestibles\\\/pas-cher\\\/10mg-jujubes-assortiment\\\/\",\"url\":\"https:\\\/\\\/stgbc.bcweededible.net\\\/fr\\\/buy\\\/comestibles\\\/pas-cher\\\/10mg-jujubes-assortiment\\\/\",\"name\":\"Acheter un assortiment Jujubes \u00e0 m\u00e2cher 10mg en ligne Canada | Dispensaire comestible | BC Weed Edible\",\"isPartOf\":{\"@id\":\"https:\\\/\\\/stgbc.bcweededible.net\\\/fr\\\/#website\"},\"primaryImageOfPage\":{\"@id\":\"https:\\\/\\\/stgbc.bcweededible.net\\\/fr\\\/buy\\\/comestibles\\\/pas-cher\\\/10mg-jujubes-assortiment\\\/#primaryimage\"},\"image\":{\"@id\":\"https:\\\/\\\/stgbc.bcweededible.net\\\/fr\\\/buy\\\/comestibles\\\/pas-cher\\\/10mg-jujubes-assortiment\\\/#primaryimage\"},\"thumbnailUrl\":\"https:\\\/\\\/stgbc.bcweededible.net\\\/wp-content\\\/uploads\\\/2021\\\/12\\\/10mg-gummies-flavour-assortment.jpg\",\"datePublished\":\"2022-02-06T19:41:55+00:00\",\"dateModified\":\"2026-03-26T14:32:23+00:00\",\"breadcrumb\":{\"@id\":\"https:\\\/\\\/stgbc.bcweededible.net\\\/fr\\\/buy\\\/comestibles\\\/pas-cher\\\/10mg-jujubes-assortiment\\\/#breadcrumb\"},\"inLanguage\":\"fr-FR\",\"potentialAction\":[{\"@type\":\"ReadAction\",\"target\":[\"https:\\\/\\\/stgbc.bcweededible.net\\\/fr\\\/buy\\\/comestibles\\\/pas-cher\\\/10mg-jujubes-assortiment\\\/\"]}]},{\"@type\":\"ImageObject\",\"inLanguage\":\"fr-FR\",\"@id\":\"https:\\\/\\\/stgbc.bcweededible.net\\\/fr\\\/buy\\\/comestibles\\\/pas-cher\\\/10mg-jujubes-assortiment\\\/#primaryimage\",\"url\":\"https:\\\/\\\/stgbc.bcweededible.net\\\/wp-content\\\/uploads\\\/2021\\\/12\\\/10mg-gummies-flavour-assortment.jpg\",\"contentUrl\":\"https:\\\/\\\/stgbc.bcweededible.net\\\/wp-content\\\/uploads\\\/2021\\\/12\\\/10mg-gummies-flavour-assortment.jpg\",\"width\":600,\"height\":600,\"caption\":\"10mg thc gummies assortment\"},{\"@type\":\"BreadcrumbList\",\"@id\":\"https:\\\/\\\/stgbc.bcweededible.net\\\/fr\\\/buy\\\/comestibles\\\/pas-cher\\\/10mg-jujubes-assortiment\\\/#breadcrumb\",\"itemListElement\":[{\"@type\":\"ListItem\",\"position\":1,\"name\":\"Jujubes au Pot Canada\",\"item\":\"https:\\\/\\\/stgbc.bcweededible.net\\\/fr\\\/shop\\\/\"},{\"@type\":\"ListItem\",\"position\":2,\"name\":\"Assortiment Edibles THC 10mg\"}]},{\"@type\":\"WebSite\",\"@id\":\"https:\\\/\\\/stgbc.bcweededible.net\\\/fr\\\/#website\",\"url\":\"https:\\\/\\\/stgbc.bcweededible.net\\\/fr\\\/\",\"name\":\"BC Weed Edible\",\"description\":\"\",\"publisher\":{\"@id\":\"https:\\\/\\\/stgbc.bcweededible.net\\\/fr\\\/#organization\"},\"potentialAction\":[{\"@type\":\"SearchAction\",\"target\":{\"@type\":\"EntryPoint\",\"urlTemplate\":\"https:\\\/\\\/stgbc.bcweededible.net\\\/fr\\\/?s={search_term_string}\"},\"query-input\":{\"@type\":\"PropertyValueSpecification\",\"valueRequired\":true,\"valueName\":\"search_term_string\"}}],\"inLanguage\":\"fr-FR\"},{\"@type\":\"Organization\",\"@id\":\"https:\\\/\\\/stgbc.bcweededible.net\\\/fr\\\/#organization\",\"name\":\"BC Weed Edible\",\"url\":\"https:\\\/\\\/stgbc.bcweededible.net\\\/fr\\\/\",\"logo\":{\"@type\":\"ImageObject\",\"inLanguage\":\"fr-FR\",\"@id\":\"https:\\\/\\\/stgbc.bcweededible.net\\\/fr\\\/#\\\/schema\\\/logo\\\/image\\\/\",\"url\":\"https:\\\/\\\/stgbc.bcweededible.net\\\/wp-content\\\/uploads\\\/2021\\\/12\\\/bc-weed-edible-canada.png\",\"contentUrl\":\"https:\\\/\\\/stgbc.bcweededible.net\\\/wp-content\\\/uploads\\\/2021\\\/12\\\/bc-weed-edible-canada.png\",\"width\":270,\"height\":185,\"caption\":\"BC Weed Edible\"},\"image\":{\"@id\":\"https:\\\/\\\/stgbc.bcweededible.net\\\/fr\\\/#\\\/schema\\\/logo\\\/image\\\/\"}}]}<\/script>\n","yoast_head_json":{"title":"Acheter un assortiment Jujubes \u00e0 m\u00e2cher 10mg en ligne Canada | Dispensaire comestible | BC Weed Edible","robots":{"index":"index","follow":"follow","max-snippet":"max-snippet:-1","max-image-preview":"max-image-preview:large","max-video-preview":"max-video-preview:-1"},"canonical":"https:\/\/stgbc.bcweededible.net\/fr\/buy\/comestibles\/pas-cher\/10mg-jujubes-assortiment\/","og_locale":"fr_FR","og_type":"article","og_title":"Acheter un assortiment Jujubes \u00e0 m\u00e2cher 10mg en ligne Canada | Dispensaire comestible | BC Weed Edible","og_description":"Vous \u00eates \u00e0 une bouch\u00e9e du paradis avec l'Assortiment Edibles THC 10mg. Cet assortiment est parfait pour les d\u00e9butants en mati\u00e8re de comestibles et de cannabis en g\u00e9n\u00e9ral. Si vous voulez essayer diff\u00e9rentes saveurs et d\u00e9terminer laquelle est votre pr\u00e9f\u00e9r\u00e9e, ce produit est fait pour vous. Nous vous sugg\u00e9rons fortement de lire notre tableau de dosage comestible par poids qui vous aidera \u00e0 d\u00e9terminer le dosage dont vous avez besoin pour l'exp\u00e9rience. La dose maximale recommand\u00e9e pour les d\u00e9butants est de 10 mg et vous devez attendre au moins 2 heures avant d'ing\u00e9rer d'autres produits comestibles. Cet assortiment comprend quatre saveurs diff\u00e9rentes : Cerise, Mangue, Fruit de la passion et Fraise. Chaque jujube contient une quantit\u00e9 pr\u00e9cise de 10 mg de THC. \u00c9conomisez 20% sur le prix de vente en achetant cet assortiment. Les jujubes sont sucr\u00e9s avec un go\u00fbt de cannabis minimal et une valeur maximale. Qu'est-ce qu'il y a dans cet assortiment Edibles THC 10mg ? Voyons maintenant ce qui vous attend dans cet assortiment : 16 paquets avec 2 saveurs diff\u00e9rentes et des vari\u00e9t\u00e9s Sativa et Indica 10x10mg THC Jujubes. Avertissement : Ne pas utiliser si vous \u00eates enceinte, ne pas conduire ou utiliser de la machinerie lourde apr\u00e8s ingestion. Tenir hors de port\u00e9e des enfants et des animaux domestiques. Conservation : 6 mois au r\u00e9frig\u00e9rateur, 2 mois \u00e0 temp\u00e9rature ambiante.","og_url":"https:\/\/stgbc.bcweededible.net\/fr\/buy\/comestibles\/pas-cher\/10mg-jujubes-assortiment\/","og_site_name":"BC Weed Edible","article_modified_time":"2026-03-26T14:32:23+00:00","og_image":[{"width":600,"height":600,"url":"https:\/\/stgbc.bcweededible.net\/wp-content\/uploads\/2021\/12\/10mg-gummies-flavour-assortment.jpg","type":"image\/jpeg"}],"twitter_card":"summary_large_image","schema":{"@context":"https:\/\/schema.org","@graph":[{"@type":"WebPage","@id":"https:\/\/stgbc.bcweededible.net\/fr\/buy\/comestibles\/pas-cher\/10mg-jujubes-assortiment\/","url":"https:\/\/stgbc.bcweededible.net\/fr\/buy\/comestibles\/pas-cher\/10mg-jujubes-assortiment\/","name":"Acheter un assortiment Jujubes \u00e0 m\u00e2cher 10mg en ligne Canada | Dispensaire comestible | BC Weed Edible","isPartOf":{"@id":"https:\/\/stgbc.bcweededible.net\/fr\/#website"},"primaryImageOfPage":{"@id":"https:\/\/stgbc.bcweededible.net\/fr\/buy\/comestibles\/pas-cher\/10mg-jujubes-assortiment\/#primaryimage"},"image":{"@id":"https:\/\/stgbc.bcweededible.net\/fr\/buy\/comestibles\/pas-cher\/10mg-jujubes-assortiment\/#primaryimage"},"thumbnailUrl":"https:\/\/stgbc.bcweededible.net\/wp-content\/uploads\/2021\/12\/10mg-gummies-flavour-assortment.jpg","datePublished":"2022-02-06T19:41:55+00:00","dateModified":"2026-03-26T14:32:23+00:00","breadcrumb":{"@id":"https:\/\/stgbc.bcweededible.net\/fr\/buy\/comestibles\/pas-cher\/10mg-jujubes-assortiment\/#breadcrumb"},"inLanguage":"fr-FR","potentialAction":[{"@type":"ReadAction","target":["https:\/\/stgbc.bcweededible.net\/fr\/buy\/comestibles\/pas-cher\/10mg-jujubes-assortiment\/"]}]},{"@type":"ImageObject","inLanguage":"fr-FR","@id":"https:\/\/stgbc.bcweededible.net\/fr\/buy\/comestibles\/pas-cher\/10mg-jujubes-assortiment\/#primaryimage","url":"https:\/\/stgbc.bcweededible.net\/wp-content\/uploads\/2021\/12\/10mg-gummies-flavour-assortment.jpg","contentUrl":"https:\/\/stgbc.bcweededible.net\/wp-content\/uploads\/2021\/12\/10mg-gummies-flavour-assortment.jpg","width":600,"height":600,"caption":"10mg thc gummies assortment"},{"@type":"BreadcrumbList","@id":"https:\/\/stgbc.bcweededible.net\/fr\/buy\/comestibles\/pas-cher\/10mg-jujubes-assortiment\/#breadcrumb","itemListElement":[{"@type":"ListItem","position":1,"name":"Jujubes au Pot Canada","item":"https:\/\/stgbc.bcweededible.net\/fr\/shop\/"},{"@type":"ListItem","position":2,"name":"Assortiment Edibles THC 10mg"}]},{"@type":"WebSite","@id":"https:\/\/stgbc.bcweededible.net\/fr\/#website","url":"https:\/\/stgbc.bcweededible.net\/fr\/","name":"BC Weed Edible","description":"","publisher":{"@id":"https:\/\/stgbc.bcweededible.net\/fr\/#organization"},"potentialAction":[{"@type":"SearchAction","target":{"@type":"EntryPoint","urlTemplate":"https:\/\/stgbc.bcweededible.net\/fr\/?s={search_term_string}"},"query-input":{"@type":"PropertyValueSpecification","valueRequired":true,"valueName":"search_term_string"}}],"inLanguage":"fr-FR"},{"@type":"Organization","@id":"https:\/\/stgbc.bcweededible.net\/fr\/#organization","name":"BC Weed Edible","url":"https:\/\/stgbc.bcweededible.net\/fr\/","logo":{"@type":"ImageObject","inLanguage":"fr-FR","@id":"https:\/\/stgbc.bcweededible.net\/fr\/#\/schema\/logo\/image\/","url":"https:\/\/stgbc.bcweededible.net\/wp-content\/uploads\/2021\/12\/bc-weed-edible-canada.png","contentUrl":"https:\/\/stgbc.bcweededible.net\/wp-content\/uploads\/2021\/12\/bc-weed-edible-canada.png","width":270,"height":185,"caption":"BC Weed Edible"},"image":{"@id":"https:\/\/stgbc.bcweededible.net\/fr\/#\/schema\/logo\/image\/"}}]}},"_links":{"self":[{"href":"https:\/\/stgbc.bcweededible.net\/fr\/wp-json\/wp\/v2\/product\/13601","targetHints":{"allow":["GET"]}}],"collection":[{"href":"https:\/\/stgbc.bcweededible.net\/fr\/wp-json\/wp\/v2\/product"}],"about":[{"href":"https:\/\/stgbc.bcweededible.net\/fr\/wp-json\/wp\/v2\/types\/product"}],"replies":[{"embeddable":true,"href":"https:\/\/stgbc.bcweededible.net\/fr\/wp-json\/wp\/v2\/comments?post=13601"}],"wp:featuredmedia":[{"embeddable":true,"href":"https:\/\/stgbc.bcweededible.net\/fr\/wp-json\/wp\/v2\/media\/9932"}],"wp:attachment":[{"href":"https:\/\/stgbc.bcweededible.net\/fr\/wp-json\/wp\/v2\/media?parent=13601"}],"wp:term":[{"taxonomy":"product_brand","embeddable":true,"href":"https:\/\/stgbc.bcweededible.net\/fr\/wp-json\/wp\/v2\/product_brand?post=13601"},{"taxonomy":"product_cat","embeddable":true,"href":"https:\/\/stgbc.bcweededible.net\/fr\/wp-json\/wp\/v2\/product_cat?post=13601"},{"taxonomy":"product_tag","embeddable":true,"href":"https:\/\/stgbc.bcweededible.net\/fr\/wp-json\/wp\/v2\/product_tag?post=13601"}],"curies":[{"name":"wp","href":"https:\/\/api.w.org\/{rel}","templated":true}]}}