{"id":13592,"date":"2021-05-20T20:04:38","date_gmt":"2022-04-08T19:10:24","guid":{"rendered":"http:\/\/bcweededible.net\/buy\/non%20class\u00e9\/bonbons-au-cbd-20mg-jujubes\/"},"modified":"2026-03-25T04:10:55","modified_gmt":"2026-03-25T11:10:55","slug":"20mg-cbd-jujubes","status":"publish","type":"product","link":"https:\/\/stgbc.bcweededible.net\/fr\/buy\/marques\/eden-edibles-fr\/20mg-cbd-jujubes\/","title":{"rendered":"Jujubes CBD 200mg (10x20mg)"},"content":{"rendered":"","protected":false},"excerpt":{"rendered":"<p>Nos <strong>Jujubes CBD 200mg <\/strong>sont vegan , sans g\u00e9latine et fabriqu\u00e9s avec les meilleurs ingr\u00e9dients. Chaque paquet contient <strong>10 jujubes de 20 mg de CBD chacun<\/strong> . La texture parfaite et un go\u00fbt d\u00e9licieux. Facile \u00e0 transporter et parfait pour vous g\u00e2ter et enfin profiter d&#8217;un produit de grande qualit\u00e9 gustative. Tous nos jujubes sont offerts en diff\u00e9rentes saveurs.<\/p>\n<p>Ces bonbons jujubes au CBD de 20 mg ont un dosage pr\u00e9cis afin que vous obteniez exactement ce dont vous avez besoin. Ces jujubes sont fabriqu\u00e9s \u00e0 partir du meilleur isolat de CBD disponible au Canada avec plus de 99 % de contenu en CBD.<\/p>\n<p><strong>Ingr\u00e9dients :<\/strong> pur\u00e9e de fruits, sucre, pectine NH, glucose, jus de citron, isolat de CBD<br \/>\n<strong>Conservation : 6 mois au r\u00e9frig\u00e9rateur, 2 mois \u00e0 temp\u00e9rature ambiante<\/strong><br \/>\n<strong>Achetez plus, \u00e9conomisez plus<\/strong> : obtenez jusqu&#8217;\u00e0 20 % de r\u00e9duction sur vos produits comestibles lors de l&#8217;achat de plusieurs paquets.<\/p>\n","protected":false},"featured_media":39558,"comment_status":"open","ping_status":"closed","template":"","meta":[],"product_brand":[],"product_cat":[269,265,244,664,276,266,280],"product_tag":[361],"class_list":{"0":"post-13592","1":"product","2":"type-product","3":"status-publish","4":"has-post-thumbnail","6":"product_cat-200mg-fr","7":"product_cat-comestibles-au-cbd","8":"product_cat-comestibles","9":"product_cat-eden-edibles-fr","10":"product_cat-jujubes","11":"product_cat-cbd-jujubes","12":"product_cat-vegan-fr","13":"product_tag-20-mg-de-cbd","15":"first","16":"instock","17":"shipping-taxable","18":"purchasable","19":"product-type-variable","20":"has-default-attributes"},"yoast_head":"\n<title>Acheter 20mg CBD Jujubes Online Canada | BC Weed Edible<\/title>\n<meta name=\"robots\" content=\"index, follow, max-snippet:-1, max-image-preview:large, max-video-preview:-1\" \/>\n<link rel=\"canonical\" href=\"https:\/\/stgbc.bcweededible.net\/fr\/buy\/marques\/eden-edibles-fr\/20mg-cbd-jujubes\/\" \/>\n<meta property=\"og:locale\" content=\"fr_FR\" \/>\n<meta property=\"og:type\" content=\"article\" \/>\n<meta property=\"og:title\" content=\"Acheter 20mg CBD Jujubes Online Canada | BC Weed Edible\" \/>\n<meta property=\"og:description\" content=\"Nos Jujubes CBD 200mg sont vegan , sans g\u00e9latine et fabriqu\u00e9s avec les meilleurs ingr\u00e9dients. Chaque paquet contient 10 jujubes de 20 mg de CBD chacun . La texture parfaite et un go\u00fbt d\u00e9licieux. Facile \u00e0 transporter et parfait pour vous g\u00e2ter et enfin profiter d&#039;un produit de grande qualit\u00e9 gustative. Tous nos jujubes sont offerts en diff\u00e9rentes saveurs. Ces bonbons jujubes au CBD de 20 mg ont un dosage pr\u00e9cis afin que vous obteniez exactement ce dont vous avez besoin. Ces jujubes sont fabriqu\u00e9s \u00e0 partir du meilleur isolat de CBD disponible au Canada avec plus de 99 % de contenu en CBD. Ingr\u00e9dients : pur\u00e9e de fruits, sucre, pectine NH, glucose, jus de citron, isolat de CBD Conservation : 6 mois au r\u00e9frig\u00e9rateur, 2 mois \u00e0 temp\u00e9rature ambiante Achetez plus, \u00e9conomisez plus : obtenez jusqu&#039;\u00e0 20 % de r\u00e9duction sur vos produits comestibles lors de l&#039;achat de plusieurs paquets.\" \/>\n<meta property=\"og:url\" content=\"https:\/\/stgbc.bcweededible.net\/fr\/buy\/marques\/eden-edibles-fr\/20mg-cbd-jujubes\/\" \/>\n<meta property=\"og:site_name\" content=\"BC Weed Edible\" \/>\n<meta property=\"article:modified_time\" content=\"2026-03-25T11:10:55+00:00\" \/>\n<meta property=\"og:image\" content=\"https:\/\/stgbc.bcweededible.net\/wp-content\/uploads\/2022\/02\/CBD-gummies-Apricot-200mg.jpg\" \/>\n\t<meta property=\"og:image:width\" content=\"1080\" \/>\n\t<meta property=\"og:image:height\" content=\"1080\" \/>\n\t<meta property=\"og:image:type\" content=\"image\/jpeg\" \/>\n<meta name=\"twitter:card\" content=\"summary_large_image\" \/>\n<script type=\"application\/ld+json\" class=\"yoast-schema-graph\">{\"@context\":\"https:\\\/\\\/schema.org\",\"@graph\":[{\"@type\":\"WebPage\",\"@id\":\"https:\\\/\\\/stgbc.bcweededible.net\\\/fr\\\/buy\\\/marques\\\/eden-edibles-fr\\\/20mg-cbd-jujubes\\\/\",\"url\":\"https:\\\/\\\/stgbc.bcweededible.net\\\/fr\\\/buy\\\/marques\\\/eden-edibles-fr\\\/20mg-cbd-jujubes\\\/\",\"name\":\"Acheter 20mg CBD Jujubes Online Canada | BC Weed Edible\",\"isPartOf\":{\"@id\":\"https:\\\/\\\/stgbc.bcweededible.net\\\/fr\\\/#website\"},\"primaryImageOfPage\":{\"@id\":\"https:\\\/\\\/stgbc.bcweededible.net\\\/fr\\\/buy\\\/marques\\\/eden-edibles-fr\\\/20mg-cbd-jujubes\\\/#primaryimage\"},\"image\":{\"@id\":\"https:\\\/\\\/stgbc.bcweededible.net\\\/fr\\\/buy\\\/marques\\\/eden-edibles-fr\\\/20mg-cbd-jujubes\\\/#primaryimage\"},\"thumbnailUrl\":\"https:\\\/\\\/stgbc.bcweededible.net\\\/wp-content\\\/uploads\\\/2022\\\/02\\\/CBD-gummies-Apricot-200mg.jpg\",\"datePublished\":\"2022-04-08T19:10:24+00:00\",\"dateModified\":\"2026-03-25T11:10:55+00:00\",\"breadcrumb\":{\"@id\":\"https:\\\/\\\/stgbc.bcweededible.net\\\/fr\\\/buy\\\/marques\\\/eden-edibles-fr\\\/20mg-cbd-jujubes\\\/#breadcrumb\"},\"inLanguage\":\"fr-FR\",\"potentialAction\":[{\"@type\":\"ReadAction\",\"target\":[\"https:\\\/\\\/stgbc.bcweededible.net\\\/fr\\\/buy\\\/marques\\\/eden-edibles-fr\\\/20mg-cbd-jujubes\\\/\"]}]},{\"@type\":\"ImageObject\",\"inLanguage\":\"fr-FR\",\"@id\":\"https:\\\/\\\/stgbc.bcweededible.net\\\/fr\\\/buy\\\/marques\\\/eden-edibles-fr\\\/20mg-cbd-jujubes\\\/#primaryimage\",\"url\":\"https:\\\/\\\/stgbc.bcweededible.net\\\/wp-content\\\/uploads\\\/2022\\\/02\\\/CBD-gummies-Apricot-200mg.jpg\",\"contentUrl\":\"https:\\\/\\\/stgbc.bcweededible.net\\\/wp-content\\\/uploads\\\/2022\\\/02\\\/CBD-gummies-Apricot-200mg.jpg\",\"width\":1080,\"height\":1080,\"caption\":\"200mg cbd cherry gummies\"},{\"@type\":\"BreadcrumbList\",\"@id\":\"https:\\\/\\\/stgbc.bcweededible.net\\\/fr\\\/buy\\\/marques\\\/eden-edibles-fr\\\/20mg-cbd-jujubes\\\/#breadcrumb\",\"itemListElement\":[{\"@type\":\"ListItem\",\"position\":1,\"name\":\"Jujubes au Pot Canada\",\"item\":\"https:\\\/\\\/stgbc.bcweededible.net\\\/fr\\\/shop\\\/\"},{\"@type\":\"ListItem\",\"position\":2,\"name\":\"Jujubes CBD 200mg (10x20mg)\"}]},{\"@type\":\"WebSite\",\"@id\":\"https:\\\/\\\/stgbc.bcweededible.net\\\/fr\\\/#website\",\"url\":\"https:\\\/\\\/stgbc.bcweededible.net\\\/fr\\\/\",\"name\":\"BC Weed Edible\",\"description\":\"\",\"publisher\":{\"@id\":\"https:\\\/\\\/stgbc.bcweededible.net\\\/fr\\\/#organization\"},\"potentialAction\":[{\"@type\":\"SearchAction\",\"target\":{\"@type\":\"EntryPoint\",\"urlTemplate\":\"https:\\\/\\\/stgbc.bcweededible.net\\\/fr\\\/?s={search_term_string}\"},\"query-input\":{\"@type\":\"PropertyValueSpecification\",\"valueRequired\":true,\"valueName\":\"search_term_string\"}}],\"inLanguage\":\"fr-FR\"},{\"@type\":\"Organization\",\"@id\":\"https:\\\/\\\/stgbc.bcweededible.net\\\/fr\\\/#organization\",\"name\":\"BC Weed Edible\",\"url\":\"https:\\\/\\\/stgbc.bcweededible.net\\\/fr\\\/\",\"logo\":{\"@type\":\"ImageObject\",\"inLanguage\":\"fr-FR\",\"@id\":\"https:\\\/\\\/stgbc.bcweededible.net\\\/fr\\\/#\\\/schema\\\/logo\\\/image\\\/\",\"url\":\"https:\\\/\\\/stgbc.bcweededible.net\\\/wp-content\\\/uploads\\\/2021\\\/12\\\/bc-weed-edible-canada.png\",\"contentUrl\":\"https:\\\/\\\/stgbc.bcweededible.net\\\/wp-content\\\/uploads\\\/2021\\\/12\\\/bc-weed-edible-canada.png\",\"width\":270,\"height\":185,\"caption\":\"BC Weed Edible\"},\"image\":{\"@id\":\"https:\\\/\\\/stgbc.bcweededible.net\\\/fr\\\/#\\\/schema\\\/logo\\\/image\\\/\"}}]}<\/script>\n","yoast_head_json":{"title":"Acheter 20mg CBD Jujubes Online Canada | BC Weed Edible","robots":{"index":"index","follow":"follow","max-snippet":"max-snippet:-1","max-image-preview":"max-image-preview:large","max-video-preview":"max-video-preview:-1"},"canonical":"https:\/\/stgbc.bcweededible.net\/fr\/buy\/marques\/eden-edibles-fr\/20mg-cbd-jujubes\/","og_locale":"fr_FR","og_type":"article","og_title":"Acheter 20mg CBD Jujubes Online Canada | BC Weed Edible","og_description":"Nos Jujubes CBD 200mg sont vegan , sans g\u00e9latine et fabriqu\u00e9s avec les meilleurs ingr\u00e9dients. Chaque paquet contient 10 jujubes de 20 mg de CBD chacun . La texture parfaite et un go\u00fbt d\u00e9licieux. Facile \u00e0 transporter et parfait pour vous g\u00e2ter et enfin profiter d'un produit de grande qualit\u00e9 gustative. Tous nos jujubes sont offerts en diff\u00e9rentes saveurs. Ces bonbons jujubes au CBD de 20 mg ont un dosage pr\u00e9cis afin que vous obteniez exactement ce dont vous avez besoin. Ces jujubes sont fabriqu\u00e9s \u00e0 partir du meilleur isolat de CBD disponible au Canada avec plus de 99 % de contenu en CBD. Ingr\u00e9dients : pur\u00e9e de fruits, sucre, pectine NH, glucose, jus de citron, isolat de CBD Conservation : 6 mois au r\u00e9frig\u00e9rateur, 2 mois \u00e0 temp\u00e9rature ambiante Achetez plus, \u00e9conomisez plus : obtenez jusqu'\u00e0 20 % de r\u00e9duction sur vos produits comestibles lors de l'achat de plusieurs paquets.","og_url":"https:\/\/stgbc.bcweededible.net\/fr\/buy\/marques\/eden-edibles-fr\/20mg-cbd-jujubes\/","og_site_name":"BC Weed Edible","article_modified_time":"2026-03-25T11:10:55+00:00","og_image":[{"width":1080,"height":1080,"url":"https:\/\/stgbc.bcweededible.net\/wp-content\/uploads\/2022\/02\/CBD-gummies-Apricot-200mg.jpg","type":"image\/jpeg"}],"twitter_card":"summary_large_image","schema":{"@context":"https:\/\/schema.org","@graph":[{"@type":"WebPage","@id":"https:\/\/stgbc.bcweededible.net\/fr\/buy\/marques\/eden-edibles-fr\/20mg-cbd-jujubes\/","url":"https:\/\/stgbc.bcweededible.net\/fr\/buy\/marques\/eden-edibles-fr\/20mg-cbd-jujubes\/","name":"Acheter 20mg CBD Jujubes Online Canada | BC Weed Edible","isPartOf":{"@id":"https:\/\/stgbc.bcweededible.net\/fr\/#website"},"primaryImageOfPage":{"@id":"https:\/\/stgbc.bcweededible.net\/fr\/buy\/marques\/eden-edibles-fr\/20mg-cbd-jujubes\/#primaryimage"},"image":{"@id":"https:\/\/stgbc.bcweededible.net\/fr\/buy\/marques\/eden-edibles-fr\/20mg-cbd-jujubes\/#primaryimage"},"thumbnailUrl":"https:\/\/stgbc.bcweededible.net\/wp-content\/uploads\/2022\/02\/CBD-gummies-Apricot-200mg.jpg","datePublished":"2022-04-08T19:10:24+00:00","dateModified":"2026-03-25T11:10:55+00:00","breadcrumb":{"@id":"https:\/\/stgbc.bcweededible.net\/fr\/buy\/marques\/eden-edibles-fr\/20mg-cbd-jujubes\/#breadcrumb"},"inLanguage":"fr-FR","potentialAction":[{"@type":"ReadAction","target":["https:\/\/stgbc.bcweededible.net\/fr\/buy\/marques\/eden-edibles-fr\/20mg-cbd-jujubes\/"]}]},{"@type":"ImageObject","inLanguage":"fr-FR","@id":"https:\/\/stgbc.bcweededible.net\/fr\/buy\/marques\/eden-edibles-fr\/20mg-cbd-jujubes\/#primaryimage","url":"https:\/\/stgbc.bcweededible.net\/wp-content\/uploads\/2022\/02\/CBD-gummies-Apricot-200mg.jpg","contentUrl":"https:\/\/stgbc.bcweededible.net\/wp-content\/uploads\/2022\/02\/CBD-gummies-Apricot-200mg.jpg","width":1080,"height":1080,"caption":"200mg cbd cherry gummies"},{"@type":"BreadcrumbList","@id":"https:\/\/stgbc.bcweededible.net\/fr\/buy\/marques\/eden-edibles-fr\/20mg-cbd-jujubes\/#breadcrumb","itemListElement":[{"@type":"ListItem","position":1,"name":"Jujubes au Pot Canada","item":"https:\/\/stgbc.bcweededible.net\/fr\/shop\/"},{"@type":"ListItem","position":2,"name":"Jujubes CBD 200mg (10x20mg)"}]},{"@type":"WebSite","@id":"https:\/\/stgbc.bcweededible.net\/fr\/#website","url":"https:\/\/stgbc.bcweededible.net\/fr\/","name":"BC Weed Edible","description":"","publisher":{"@id":"https:\/\/stgbc.bcweededible.net\/fr\/#organization"},"potentialAction":[{"@type":"SearchAction","target":{"@type":"EntryPoint","urlTemplate":"https:\/\/stgbc.bcweededible.net\/fr\/?s={search_term_string}"},"query-input":{"@type":"PropertyValueSpecification","valueRequired":true,"valueName":"search_term_string"}}],"inLanguage":"fr-FR"},{"@type":"Organization","@id":"https:\/\/stgbc.bcweededible.net\/fr\/#organization","name":"BC Weed Edible","url":"https:\/\/stgbc.bcweededible.net\/fr\/","logo":{"@type":"ImageObject","inLanguage":"fr-FR","@id":"https:\/\/stgbc.bcweededible.net\/fr\/#\/schema\/logo\/image\/","url":"https:\/\/stgbc.bcweededible.net\/wp-content\/uploads\/2021\/12\/bc-weed-edible-canada.png","contentUrl":"https:\/\/stgbc.bcweededible.net\/wp-content\/uploads\/2021\/12\/bc-weed-edible-canada.png","width":270,"height":185,"caption":"BC Weed Edible"},"image":{"@id":"https:\/\/stgbc.bcweededible.net\/fr\/#\/schema\/logo\/image\/"}}]}},"_links":{"self":[{"href":"https:\/\/stgbc.bcweededible.net\/fr\/wp-json\/wp\/v2\/product\/13592","targetHints":{"allow":["GET"]}}],"collection":[{"href":"https:\/\/stgbc.bcweededible.net\/fr\/wp-json\/wp\/v2\/product"}],"about":[{"href":"https:\/\/stgbc.bcweededible.net\/fr\/wp-json\/wp\/v2\/types\/product"}],"replies":[{"embeddable":true,"href":"https:\/\/stgbc.bcweededible.net\/fr\/wp-json\/wp\/v2\/comments?post=13592"}],"wp:featuredmedia":[{"embeddable":true,"href":"https:\/\/stgbc.bcweededible.net\/fr\/wp-json\/wp\/v2\/media\/39558"}],"wp:attachment":[{"href":"https:\/\/stgbc.bcweededible.net\/fr\/wp-json\/wp\/v2\/media?parent=13592"}],"wp:term":[{"taxonomy":"product_brand","embeddable":true,"href":"https:\/\/stgbc.bcweededible.net\/fr\/wp-json\/wp\/v2\/product_brand?post=13592"},{"taxonomy":"product_cat","embeddable":true,"href":"https:\/\/stgbc.bcweededible.net\/fr\/wp-json\/wp\/v2\/product_cat?post=13592"},{"taxonomy":"product_tag","embeddable":true,"href":"https:\/\/stgbc.bcweededible.net\/fr\/wp-json\/wp\/v2\/product_tag?post=13592"}],"curies":[{"name":"wp","href":"https:\/\/api.w.org\/{rel}","templated":true}]}}