{"id":13580,"date":"2021-02-19T11:22:15","date_gmt":"2022-04-08T19:10:23","guid":{"rendered":"http:\/\/bcweededible.net\/buy\/non%20class\u00e9\/brownie-500mg-thc-2x250mg\/"},"modified":"2025-07-21T10:52:20","modified_gmt":"2025-07-21T17:52:20","slug":"500mg-thc-brownie-2","status":"publish","type":"product","link":"https:\/\/stgbc.bcweededible.net\/fr\/buy\/comestibles\/pas-cher\/500mg-thc-brownie-2\/","title":{"rendered":"Brownie THC 500mg (2x250mg)"},"content":{"rendered":"","protected":false},"excerpt":{"rendered":"<p>Nos brownies THC au chocolat sont faits maison avec les meilleurs ingr\u00e9dients, ils vous feront retomber en enfance avec une seule mission en t\u00eate, vous faire plaisir ! Ils font partie des <a href=\"https:\/\/stgbc.bcweededible.net\/fr\/acheter\/comestibles\/puissant\/\">comestibles les plus forts au Canada<\/a> , vous devez donc prendre des pr\u00e9cautions suppl\u00e9mentaires avant de les essayer, l&#8217;exp\u00e9rience peut \u00eatre la meilleure de votre vie mais aussi la pire, alors <strong>soyez prudent et responsable lorsque vous les mangez.<\/strong><\/p>\n<p><strong>500 mg est un dosage pour les personnes tr\u00e8s exp\u00e9riment\u00e9es<\/strong> . Chaque paquet de 500 mg contient 2 morceaux de brownie contenant 250 mg de THC chacun.<\/p>\n<p><strong>Ingr\u00e9dients :<\/strong> beurre, sucre, \u0153ufs, farine, noix, chocolat, distillat THC<br \/>\n<strong>Conservation : 6 mois au r\u00e9frig\u00e9rateur, 2 mois \u00e0 temp\u00e9rature ambiante<\/strong><br \/>\n<strong>Achetez plus, \u00e9conomisez plus<\/strong> : obtenez jusqu&#8217;\u00e0 20 % de r\u00e9duction sur vos produits comestibles lors de l&#8217;achat de plusieurs paquets.<\/p>\n","protected":false},"featured_media":67071,"comment_status":"open","ping_status":"closed","template":"","meta":[],"product_brand":[],"product_cat":[272,270,274,244,246,278,549],"product_tag":[343],"class_list":{"0":"post-13580","1":"product","2":"type-product","3":"status-publish","4":"has-post-thumbnail","6":"product_cat-brownies-fr","7":"product_cat-500mg-fr","8":"product_cat-chocolat","9":"product_cat-comestibles","10":"product_cat-pas-cher","11":"product_cat-puissant","12":"product_cat-promotions","13":"product_tag-500mg-fr","15":"first","16":"outofstock","17":"shipping-taxable","18":"purchasable","19":"product-type-simple"},"yoast_head":"\n<title>Acheter 500 mg de brownie au THC en ligne | Aliments cuits au four Canada | BC Weed Edible<\/title>\n<meta name=\"robots\" content=\"index, follow, max-snippet:-1, max-image-preview:large, max-video-preview:-1\" \/>\n<link rel=\"canonical\" href=\"https:\/\/stgbc.bcweededible.net\/fr\/buy\/comestibles\/pas-cher\/500mg-thc-brownie-2\/\" \/>\n<meta property=\"og:locale\" content=\"fr_FR\" \/>\n<meta property=\"og:type\" content=\"article\" \/>\n<meta property=\"og:title\" content=\"Acheter 500 mg de brownie au THC en ligne | Aliments cuits au four Canada | BC Weed Edible\" \/>\n<meta property=\"og:description\" content=\"Nos brownies THC au chocolat sont faits maison avec les meilleurs ingr\u00e9dients, ils vous feront retomber en enfance avec une seule mission en t\u00eate, vous faire plaisir ! Ils font partie des comestibles les plus forts au Canada , vous devez donc prendre des pr\u00e9cautions suppl\u00e9mentaires avant de les essayer, l&#039;exp\u00e9rience peut \u00eatre la meilleure de votre vie mais aussi la pire, alors soyez prudent et responsable lorsque vous les mangez. 500 mg est un dosage pour les personnes tr\u00e8s exp\u00e9riment\u00e9es . Chaque paquet de 500 mg contient 2 morceaux de brownie contenant 250 mg de THC chacun. Ingr\u00e9dients : beurre, sucre, \u0153ufs, farine, noix, chocolat, distillat THC Conservation : 6 mois au r\u00e9frig\u00e9rateur, 2 mois \u00e0 temp\u00e9rature ambiante Achetez plus, \u00e9conomisez plus : obtenez jusqu&#039;\u00e0 20 % de r\u00e9duction sur vos produits comestibles lors de l&#039;achat de plusieurs paquets.\" \/>\n<meta property=\"og:url\" content=\"https:\/\/stgbc.bcweededible.net\/fr\/buy\/comestibles\/pas-cher\/500mg-thc-brownie-2\/\" \/>\n<meta property=\"og:site_name\" content=\"BC Weed Edible\" \/>\n<meta property=\"article:modified_time\" content=\"2025-07-21T17:52:20+00:00\" \/>\n<meta property=\"og:image\" content=\"https:\/\/stgbc.bcweededible.net\/wp-content\/uploads\/2021\/12\/THC-brownies-canada.jpg\" \/>\n\t<meta property=\"og:image:width\" content=\"1080\" \/>\n\t<meta property=\"og:image:height\" content=\"1080\" \/>\n\t<meta property=\"og:image:type\" content=\"image\/jpeg\" \/>\n<meta name=\"twitter:card\" content=\"summary_large_image\" \/>\n<script type=\"application\/ld+json\" class=\"yoast-schema-graph\">{\"@context\":\"https:\\\/\\\/schema.org\",\"@graph\":[{\"@type\":\"WebPage\",\"@id\":\"https:\\\/\\\/stgbc.bcweededible.net\\\/fr\\\/buy\\\/comestibles\\\/pas-cher\\\/500mg-thc-brownie-2\\\/\",\"url\":\"https:\\\/\\\/stgbc.bcweededible.net\\\/fr\\\/buy\\\/comestibles\\\/pas-cher\\\/500mg-thc-brownie-2\\\/\",\"name\":\"Acheter 500 mg de brownie au THC en ligne | Aliments cuits au four Canada | BC Weed Edible\",\"isPartOf\":{\"@id\":\"https:\\\/\\\/stgbc.bcweededible.net\\\/fr\\\/#website\"},\"primaryImageOfPage\":{\"@id\":\"https:\\\/\\\/stgbc.bcweededible.net\\\/fr\\\/buy\\\/comestibles\\\/pas-cher\\\/500mg-thc-brownie-2\\\/#primaryimage\"},\"image\":{\"@id\":\"https:\\\/\\\/stgbc.bcweededible.net\\\/fr\\\/buy\\\/comestibles\\\/pas-cher\\\/500mg-thc-brownie-2\\\/#primaryimage\"},\"thumbnailUrl\":\"https:\\\/\\\/stgbc.bcweededible.net\\\/wp-content\\\/uploads\\\/2021\\\/12\\\/THC-brownies-canada.jpg\",\"datePublished\":\"2022-04-08T19:10:23+00:00\",\"dateModified\":\"2025-07-21T17:52:20+00:00\",\"breadcrumb\":{\"@id\":\"https:\\\/\\\/stgbc.bcweededible.net\\\/fr\\\/buy\\\/comestibles\\\/pas-cher\\\/500mg-thc-brownie-2\\\/#breadcrumb\"},\"inLanguage\":\"fr-FR\",\"potentialAction\":[{\"@type\":\"ReadAction\",\"target\":[\"https:\\\/\\\/stgbc.bcweededible.net\\\/fr\\\/buy\\\/comestibles\\\/pas-cher\\\/500mg-thc-brownie-2\\\/\"]}]},{\"@type\":\"ImageObject\",\"inLanguage\":\"fr-FR\",\"@id\":\"https:\\\/\\\/stgbc.bcweededible.net\\\/fr\\\/buy\\\/comestibles\\\/pas-cher\\\/500mg-thc-brownie-2\\\/#primaryimage\",\"url\":\"https:\\\/\\\/stgbc.bcweededible.net\\\/wp-content\\\/uploads\\\/2021\\\/12\\\/THC-brownies-canada.jpg\",\"contentUrl\":\"https:\\\/\\\/stgbc.bcweededible.net\\\/wp-content\\\/uploads\\\/2021\\\/12\\\/THC-brownies-canada.jpg\",\"width\":1080,\"height\":1080,\"caption\":\"thc brownies canada\"},{\"@type\":\"BreadcrumbList\",\"@id\":\"https:\\\/\\\/stgbc.bcweededible.net\\\/fr\\\/buy\\\/comestibles\\\/pas-cher\\\/500mg-thc-brownie-2\\\/#breadcrumb\",\"itemListElement\":[{\"@type\":\"ListItem\",\"position\":1,\"name\":\"Jujubes au Pot Canada\",\"item\":\"https:\\\/\\\/stgbc.bcweededible.net\\\/fr\\\/shop\\\/\"},{\"@type\":\"ListItem\",\"position\":2,\"name\":\"Brownie THC 500mg (2x250mg)\"}]},{\"@type\":\"WebSite\",\"@id\":\"https:\\\/\\\/stgbc.bcweededible.net\\\/fr\\\/#website\",\"url\":\"https:\\\/\\\/stgbc.bcweededible.net\\\/fr\\\/\",\"name\":\"BC Weed Edible\",\"description\":\"\",\"publisher\":{\"@id\":\"https:\\\/\\\/stgbc.bcweededible.net\\\/fr\\\/#organization\"},\"potentialAction\":[{\"@type\":\"SearchAction\",\"target\":{\"@type\":\"EntryPoint\",\"urlTemplate\":\"https:\\\/\\\/stgbc.bcweededible.net\\\/fr\\\/?s={search_term_string}\"},\"query-input\":{\"@type\":\"PropertyValueSpecification\",\"valueRequired\":true,\"valueName\":\"search_term_string\"}}],\"inLanguage\":\"fr-FR\"},{\"@type\":\"Organization\",\"@id\":\"https:\\\/\\\/stgbc.bcweededible.net\\\/fr\\\/#organization\",\"name\":\"BC Weed Edible\",\"url\":\"https:\\\/\\\/stgbc.bcweededible.net\\\/fr\\\/\",\"logo\":{\"@type\":\"ImageObject\",\"inLanguage\":\"fr-FR\",\"@id\":\"https:\\\/\\\/stgbc.bcweededible.net\\\/fr\\\/#\\\/schema\\\/logo\\\/image\\\/\",\"url\":\"https:\\\/\\\/stgbc.bcweededible.net\\\/wp-content\\\/uploads\\\/2021\\\/12\\\/bc-weed-edible-canada.png\",\"contentUrl\":\"https:\\\/\\\/stgbc.bcweededible.net\\\/wp-content\\\/uploads\\\/2021\\\/12\\\/bc-weed-edible-canada.png\",\"width\":270,\"height\":185,\"caption\":\"BC Weed Edible\"},\"image\":{\"@id\":\"https:\\\/\\\/stgbc.bcweededible.net\\\/fr\\\/#\\\/schema\\\/logo\\\/image\\\/\"}}]}<\/script>\n","yoast_head_json":{"title":"Acheter 500 mg de brownie au THC en ligne | Aliments cuits au four Canada | BC Weed Edible","robots":{"index":"index","follow":"follow","max-snippet":"max-snippet:-1","max-image-preview":"max-image-preview:large","max-video-preview":"max-video-preview:-1"},"canonical":"https:\/\/stgbc.bcweededible.net\/fr\/buy\/comestibles\/pas-cher\/500mg-thc-brownie-2\/","og_locale":"fr_FR","og_type":"article","og_title":"Acheter 500 mg de brownie au THC en ligne | Aliments cuits au four Canada | BC Weed Edible","og_description":"Nos brownies THC au chocolat sont faits maison avec les meilleurs ingr\u00e9dients, ils vous feront retomber en enfance avec une seule mission en t\u00eate, vous faire plaisir ! Ils font partie des comestibles les plus forts au Canada , vous devez donc prendre des pr\u00e9cautions suppl\u00e9mentaires avant de les essayer, l'exp\u00e9rience peut \u00eatre la meilleure de votre vie mais aussi la pire, alors soyez prudent et responsable lorsque vous les mangez. 500 mg est un dosage pour les personnes tr\u00e8s exp\u00e9riment\u00e9es . Chaque paquet de 500 mg contient 2 morceaux de brownie contenant 250 mg de THC chacun. Ingr\u00e9dients : beurre, sucre, \u0153ufs, farine, noix, chocolat, distillat THC Conservation : 6 mois au r\u00e9frig\u00e9rateur, 2 mois \u00e0 temp\u00e9rature ambiante Achetez plus, \u00e9conomisez plus : obtenez jusqu'\u00e0 20 % de r\u00e9duction sur vos produits comestibles lors de l'achat de plusieurs paquets.","og_url":"https:\/\/stgbc.bcweededible.net\/fr\/buy\/comestibles\/pas-cher\/500mg-thc-brownie-2\/","og_site_name":"BC Weed Edible","article_modified_time":"2025-07-21T17:52:20+00:00","og_image":[{"width":1080,"height":1080,"url":"https:\/\/stgbc.bcweededible.net\/wp-content\/uploads\/2021\/12\/THC-brownies-canada.jpg","type":"image\/jpeg"}],"twitter_card":"summary_large_image","schema":{"@context":"https:\/\/schema.org","@graph":[{"@type":"WebPage","@id":"https:\/\/stgbc.bcweededible.net\/fr\/buy\/comestibles\/pas-cher\/500mg-thc-brownie-2\/","url":"https:\/\/stgbc.bcweededible.net\/fr\/buy\/comestibles\/pas-cher\/500mg-thc-brownie-2\/","name":"Acheter 500 mg de brownie au THC en ligne | Aliments cuits au four Canada | BC Weed Edible","isPartOf":{"@id":"https:\/\/stgbc.bcweededible.net\/fr\/#website"},"primaryImageOfPage":{"@id":"https:\/\/stgbc.bcweededible.net\/fr\/buy\/comestibles\/pas-cher\/500mg-thc-brownie-2\/#primaryimage"},"image":{"@id":"https:\/\/stgbc.bcweededible.net\/fr\/buy\/comestibles\/pas-cher\/500mg-thc-brownie-2\/#primaryimage"},"thumbnailUrl":"https:\/\/stgbc.bcweededible.net\/wp-content\/uploads\/2021\/12\/THC-brownies-canada.jpg","datePublished":"2022-04-08T19:10:23+00:00","dateModified":"2025-07-21T17:52:20+00:00","breadcrumb":{"@id":"https:\/\/stgbc.bcweededible.net\/fr\/buy\/comestibles\/pas-cher\/500mg-thc-brownie-2\/#breadcrumb"},"inLanguage":"fr-FR","potentialAction":[{"@type":"ReadAction","target":["https:\/\/stgbc.bcweededible.net\/fr\/buy\/comestibles\/pas-cher\/500mg-thc-brownie-2\/"]}]},{"@type":"ImageObject","inLanguage":"fr-FR","@id":"https:\/\/stgbc.bcweededible.net\/fr\/buy\/comestibles\/pas-cher\/500mg-thc-brownie-2\/#primaryimage","url":"https:\/\/stgbc.bcweededible.net\/wp-content\/uploads\/2021\/12\/THC-brownies-canada.jpg","contentUrl":"https:\/\/stgbc.bcweededible.net\/wp-content\/uploads\/2021\/12\/THC-brownies-canada.jpg","width":1080,"height":1080,"caption":"thc brownies canada"},{"@type":"BreadcrumbList","@id":"https:\/\/stgbc.bcweededible.net\/fr\/buy\/comestibles\/pas-cher\/500mg-thc-brownie-2\/#breadcrumb","itemListElement":[{"@type":"ListItem","position":1,"name":"Jujubes au Pot Canada","item":"https:\/\/stgbc.bcweededible.net\/fr\/shop\/"},{"@type":"ListItem","position":2,"name":"Brownie THC 500mg (2x250mg)"}]},{"@type":"WebSite","@id":"https:\/\/stgbc.bcweededible.net\/fr\/#website","url":"https:\/\/stgbc.bcweededible.net\/fr\/","name":"BC Weed Edible","description":"","publisher":{"@id":"https:\/\/stgbc.bcweededible.net\/fr\/#organization"},"potentialAction":[{"@type":"SearchAction","target":{"@type":"EntryPoint","urlTemplate":"https:\/\/stgbc.bcweededible.net\/fr\/?s={search_term_string}"},"query-input":{"@type":"PropertyValueSpecification","valueRequired":true,"valueName":"search_term_string"}}],"inLanguage":"fr-FR"},{"@type":"Organization","@id":"https:\/\/stgbc.bcweededible.net\/fr\/#organization","name":"BC Weed Edible","url":"https:\/\/stgbc.bcweededible.net\/fr\/","logo":{"@type":"ImageObject","inLanguage":"fr-FR","@id":"https:\/\/stgbc.bcweededible.net\/fr\/#\/schema\/logo\/image\/","url":"https:\/\/stgbc.bcweededible.net\/wp-content\/uploads\/2021\/12\/bc-weed-edible-canada.png","contentUrl":"https:\/\/stgbc.bcweededible.net\/wp-content\/uploads\/2021\/12\/bc-weed-edible-canada.png","width":270,"height":185,"caption":"BC Weed Edible"},"image":{"@id":"https:\/\/stgbc.bcweededible.net\/fr\/#\/schema\/logo\/image\/"}}]}},"_links":{"self":[{"href":"https:\/\/stgbc.bcweededible.net\/fr\/wp-json\/wp\/v2\/product\/13580","targetHints":{"allow":["GET"]}}],"collection":[{"href":"https:\/\/stgbc.bcweededible.net\/fr\/wp-json\/wp\/v2\/product"}],"about":[{"href":"https:\/\/stgbc.bcweededible.net\/fr\/wp-json\/wp\/v2\/types\/product"}],"replies":[{"embeddable":true,"href":"https:\/\/stgbc.bcweededible.net\/fr\/wp-json\/wp\/v2\/comments?post=13580"}],"wp:featuredmedia":[{"embeddable":true,"href":"https:\/\/stgbc.bcweededible.net\/fr\/wp-json\/wp\/v2\/media\/67071"}],"wp:attachment":[{"href":"https:\/\/stgbc.bcweededible.net\/fr\/wp-json\/wp\/v2\/media?parent=13580"}],"wp:term":[{"taxonomy":"product_brand","embeddable":true,"href":"https:\/\/stgbc.bcweededible.net\/fr\/wp-json\/wp\/v2\/product_brand?post=13580"},{"taxonomy":"product_cat","embeddable":true,"href":"https:\/\/stgbc.bcweededible.net\/fr\/wp-json\/wp\/v2\/product_cat?post=13580"},{"taxonomy":"product_tag","embeddable":true,"href":"https:\/\/stgbc.bcweededible.net\/fr\/wp-json\/wp\/v2\/product_tag?post=13580"}],"curies":[{"name":"wp","href":"https:\/\/api.w.org\/{rel}","templated":true}]}}