{"id":12997,"date":"2022-02-01T14:53:00","date_gmt":"2022-04-07T23:42:26","guid":{"rendered":"http:\/\/bcweededible.net\/buy\/non%20class\u00e9\/jujubes-10mg-thc\/"},"modified":"2026-03-23T03:05:22","modified_gmt":"2026-03-23T10:05:22","slug":"100mg-thc-jujubes","status":"publish","type":"product","link":"https:\/\/stgbc.bcweededible.net\/fr\/buy\/marques\/eden-edibles-fr\/100mg-thc-jujubes\/","title":{"rendered":"Jujubes THC 100mg (10x10mg)"},"content":{"rendered":"<h2>Quel est le prix des jujubes THC 100mg?<\/h2>\n<p>En g\u00e9n\u00e9ral, <strong>le prix des comestibles est d&#8217;environ 12 $ par 100 mg<\/strong>, mais ce qui est bien avec les vendeurs en ligne comme BC Weed Edible, nous offrons des prix encore plus int\u00e9ressants. En achetant plus de trois paquets de jujubes THC 100 mg, vous pouvez les acheter pour moins de 10 $. Vous pouvez \u00e9conomiser jusqu&#8217;\u00e0 <strong>20% en plus de cela si vous achetez 5 paquets en une seule fois.<\/strong> Vous finirez par payer environ 9 $ pour 100mg, ce qui est une bonne affaire!<\/p>\n<h2>Quel est l&#8217;effet des jujubes THC 100mg?<\/h2>\n<p><strong>100 mg de THC est consid\u00e9r\u00e9 comme un niveau expert<\/strong> , il est particuli\u00e8rement indiqu\u00e9 pour vous si vous avez des probl\u00e8mes de sant\u00e9 et si vous consommez quotidiennement de la marijuana \u00e0 des fins r\u00e9cr\u00e9atives. Avec les comestibles et les jujubes , nous vous conseillons toujours de commencer doucement et lentement, ajustez de 5 \u00e0 10 mg d&#8217;une fois \u00e0 l&#8217;autre pour d\u00e9couvrir o\u00f9 se trouvent les meilleurs r\u00e9sultats pour votre tol\u00e9rance. Si vous n&#8217;\u00eates pas s\u00fbr de l&#8217;effet que cela vous donnera, nous vous sugg\u00e9rons de commencer avec un petit morceau et d&#8217;attendre 2 heures. Si vous fumez d\u00e9j\u00e0 souvent, 100 mg vous feront passer un bon moment pendant des heures. Si vous \u00eates d\u00e9butant avec du cannabis, prendre cette quantit\u00e9 vous procurera probablement un &#8221;high&#8221; jusqu&#8217;au lendemain.<\/p>\n<h2>Qu&#8217;est-ce qu&#8217;une quantit\u00e9 de 100mg de THC?<\/h2>\n<p>La fleur contient g\u00e9n\u00e9ralement 20 % de THC. En d&#8217;autres termes, c&#8217;est 200 mg par gramme de fleur. Cependant, les produits comestibles sont m\u00e9tabolis\u00e9s diff\u00e9remment par le syst\u00e8me endocannabino\u00efde, alors ne commencez pas avec le m\u00eame dosage qu&#8217;avec les fleurs. En fait, lorsque vous fumez du cannabis , il y a beaucoup de THC qui est simplement br\u00fbl\u00e9 dans l&#8217;air. Donc, quand il s&#8217;agit de produits comestibles, allez y doucement avec 10 mg&#8230; attendez jusqu&#8217;\u00e0 2 heures, puis prenez plus au besoin et d\u00e9terminez votre propre tol\u00e9rance.<\/p>\n<p>Tout le monde connait une histoire tr\u00e8s inconfortable concernant la surconsommation des produits comestibles. Plus tard, tout le monde racontera son histoire et rira, mais ce n&#8217;est pas dr\u00f4le sur le coup. Si vous prenez une dose trop grande; mangez, buvez beaucoup d&#8217;eau, certaines personnes conseillent de boire du jus d&#8217;orange et de patienter et vous vous en sortirez. Certaines personnes disent \u00e9galement que le fait d&#8217;avoir du CBD \u00e0 port\u00e9e de main contrecarrera la surconsommation de THC, il est donc bon d&#8217;avoir des teintures au CBD ou des comestibles au CBD \u00e0 port\u00e9e de main.<\/p>\n<h2>Est-ce que 100 mg de THC peut vous perturber ?<\/h2>\n<p>Tout <strong>d\u00e9pend de votre niveau d&#8217;exp\u00e9rience<\/strong> en mati\u00e8re de cannabis. Si vous fumez d\u00e9j\u00e0 souvent, 100 mg vous feront passer un bon moment pendant des heures. Si vous faites des dabs toute la journ\u00e9e, tous les jours, vous aurez peut-\u00eatre besoin de plus. Si vous n&#8217;\u00eates pas initi\u00e9 au cannabis, la prise de cette quantit\u00e9 vous donnera probablement un solide high jusqu&#8217;au lendemain. Cela ne veut pas dire qu&#8217;une personne non initi\u00e9e ne pourrait pas le faire ou qu&#8217;elle ne passerait pas un bon moment, mais ce serait une sacr\u00e9e exp\u00e9rience. Donc, si vous envisagez de prendre 100 mg de THC, tenez compte de votre niveau d&#8217;exp\u00e9rience et allez-y avec l&#8217;intention de passer un bon moment.<\/p>\n","protected":false},"excerpt":{"rendered":"<p>Nos <strong> Jujubes THC 100mg <\/strong>contiennent 10 carr\u00e9s de 10mg de THC par sachet. Tous nos jujubes sont <strong>vegan et fabriqu\u00e9s<\/strong> uniquement <strong>avec des ingr\u00e9dients naturels<\/strong>. Nous n&#8217;utilisons que de vrais fruits et aucun agent de conservation, colorant ou ar\u00f4me artificiel ! La texture parfaite et un go\u00fbt d\u00e9licieux, profitez enfin d&#8217;un produit de haute qualit\u00e9. Vous pouvez donc <strong>choisir entre Sativa et Indica<\/strong> pour obtenir l&#8217;effet complet de la marijuana ! <strong>10mg est un excellent <a href=\"https:\/\/stgbc.bcweededible.net\/fr\/tableau-dosage-comestibles-pot\/\">dosage pour les d\u00e9butants<\/a><\/strong>. Il peut m\u00eame \u00eatre divis\u00e9 en deux parties de 5mg afin d&#8217;avoir un l\u00e9ger buzz. Les deux dosages sont parfaits \u00e0 des fins r\u00e9cr\u00e9atives.<\/p>\n<h2>Informations Jujubes THC 100mg<\/h2>\n<table>\n<tbody>\n<tr>\n<td class=\"has-text-align-center\" data-align=\"center\"><strong>Teneur en THC<\/strong><\/td>\n<td class=\"has-text-align-center\" data-align=\"center\">100mg<\/td>\n<\/tr>\n<tr>\n<td class=\"has-text-align-center\" data-align=\"center\"><strong>THC par carr\u00e9<\/strong><\/td>\n<td class=\"has-text-align-center\" data-align=\"center\">10mg<\/td>\n<\/tr>\n<tr>\n<td class=\"has-text-align-center\" style=\"text-align: left;\" data-align=\"center\"><strong>Type<\/strong><\/td>\n<td class=\"has-text-align-center\" style=\"text-align: left;\" data-align=\"center\">Sativa ou Indica<\/td>\n<\/tr>\n<tr>\n<td class=\"has-text-align-center\" style=\"text-align: left;\" data-align=\"center\"><strong>Ingr\u00e9dients<\/strong><\/td>\n<td class=\"has-text-align-center\" style=\"text-align: left;\" data-align=\"center\">pur\u00e9e de fruits, sucre, pectine NH, glucose, jus de citron, distillat THC, terp\u00e8nes naturels<\/td>\n<\/tr>\n<tr>\n<td class=\"has-text-align-center\" style=\"text-align: left;\" data-align=\"center\"><strong>Entreposage<\/strong><\/td>\n<td class=\"has-text-align-center\" style=\"text-align: left;\" data-align=\"center\">6 mois au r\u00e9frig\u00e9rateur, 2 mois \u00e0 temp\u00e9rature ambiante. Conserver dans un endroit frais, sec et sombre<\/td>\n<\/tr>\n<\/tbody>\n<\/table>\n","protected":false},"featured_media":99951,"comment_status":"open","ping_status":"closed","template":"","meta":[],"product_brand":[],"product_cat":[244,545,246,546,664,276,280],"product_tag":[351,588],"class_list":{"0":"post-12997","1":"product","2":"type-product","3":"status-publish","4":"has-post-thumbnail","6":"product_cat-comestibles","7":"product_cat-comestibles-indica","8":"product_cat-pas-cher","9":"product_cat-comestibles-sativa","10":"product_cat-eden-edibles-fr","11":"product_cat-jujubes","12":"product_cat-vegan-fr","13":"product_tag-100mg-fr","14":"product_tag-10mg-gummies","16":"first","17":"instock","18":"shipping-taxable","19":"purchasable","20":"product-type-variable","21":"has-default-attributes"},"yoast_head":"\n<title>Acheter 100mg THC Gummy Edibles Canada | BC Weed Edible<\/title>\n<meta name=\"description\" content=\"Nos Jujubes 100 mg (10x10 mg) de THC sont 100% vegan et naturelles, fabriqu\u00e9es avec les vrais fruits. 10mg est un excellent dosage pour les d\u00e9butants. \u00c0 partir de 9 $ et 20 % de r\u00e9duction sur les m\u00e9langes !\" \/>\n<meta name=\"robots\" content=\"index, follow, max-snippet:-1, max-image-preview:large, max-video-preview:-1\" \/>\n<link rel=\"canonical\" href=\"https:\/\/stgbc.bcweededible.net\/fr\/buy\/marques\/eden-edibles-fr\/100mg-thc-jujubes\/\" \/>\n<meta property=\"og:locale\" content=\"fr_FR\" \/>\n<meta property=\"og:type\" content=\"article\" \/>\n<meta property=\"og:title\" content=\"Acheter 100mg THC Gummy Edibles Canada | BC Weed Edible\" \/>\n<meta property=\"og:description\" content=\"Nos Jujubes 100 mg (10x10 mg) de THC sont 100% vegan et naturelles, fabriqu\u00e9es avec les vrais fruits. 10mg est un excellent dosage pour les d\u00e9butants. \u00c0 partir de 9 $ et 20 % de r\u00e9duction sur les m\u00e9langes !\" \/>\n<meta property=\"og:url\" content=\"https:\/\/stgbc.bcweededible.net\/fr\/buy\/marques\/eden-edibles-fr\/100mg-thc-jujubes\/\" \/>\n<meta property=\"og:site_name\" content=\"BC Weed Edible\" \/>\n<meta property=\"article:modified_time\" content=\"2026-03-23T10:05:22+00:00\" \/>\n<meta property=\"og:image\" content=\"https:\/\/stgbc.bcweededible.net\/wp-content\/uploads\/2025\/06\/100mg-thc-gummies-indica-eden2.jpg\" \/>\n\t<meta property=\"og:image:width\" content=\"1080\" \/>\n\t<meta property=\"og:image:height\" content=\"1080\" \/>\n\t<meta property=\"og:image:type\" content=\"image\/jpeg\" \/>\n<meta name=\"twitter:card\" content=\"summary_large_image\" \/>\n<meta name=\"twitter:label1\" content=\"Dur\u00e9e de lecture estim\u00e9e\" \/>\n\t<meta name=\"twitter:data1\" content=\"3 minutes\" \/>\n<script type=\"application\/ld+json\" class=\"yoast-schema-graph\">{\"@context\":\"https:\\\/\\\/schema.org\",\"@graph\":[{\"@type\":\"WebPage\",\"@id\":\"https:\\\/\\\/stgbc.bcweededible.net\\\/fr\\\/buy\\\/marques\\\/eden-edibles-fr\\\/100mg-thc-jujubes\\\/\",\"url\":\"https:\\\/\\\/stgbc.bcweededible.net\\\/fr\\\/buy\\\/marques\\\/eden-edibles-fr\\\/100mg-thc-jujubes\\\/\",\"name\":\"Acheter 100mg THC Gummy Edibles Canada | BC Weed Edible\",\"isPartOf\":{\"@id\":\"https:\\\/\\\/stgbc.bcweededible.net\\\/fr\\\/#website\"},\"primaryImageOfPage\":{\"@id\":\"https:\\\/\\\/stgbc.bcweededible.net\\\/fr\\\/buy\\\/marques\\\/eden-edibles-fr\\\/100mg-thc-jujubes\\\/#primaryimage\"},\"image\":{\"@id\":\"https:\\\/\\\/stgbc.bcweededible.net\\\/fr\\\/buy\\\/marques\\\/eden-edibles-fr\\\/100mg-thc-jujubes\\\/#primaryimage\"},\"thumbnailUrl\":\"https:\\\/\\\/stgbc.bcweededible.net\\\/wp-content\\\/uploads\\\/2025\\\/06\\\/100mg-thc-gummies-indica-eden2.jpg\",\"datePublished\":\"2022-04-07T23:42:26+00:00\",\"dateModified\":\"2026-03-23T10:05:22+00:00\",\"description\":\"Nos Jujubes 100 mg (10x10 mg) de THC sont 100% vegan et naturelles, fabriqu\u00e9es avec les vrais fruits. 10mg est un excellent dosage pour les d\u00e9butants. \u00c0 partir de 9 $ et 20 % de r\u00e9duction sur les m\u00e9langes !\",\"breadcrumb\":{\"@id\":\"https:\\\/\\\/stgbc.bcweededible.net\\\/fr\\\/buy\\\/marques\\\/eden-edibles-fr\\\/100mg-thc-jujubes\\\/#breadcrumb\"},\"inLanguage\":\"fr-FR\",\"potentialAction\":[{\"@type\":\"ReadAction\",\"target\":[\"https:\\\/\\\/stgbc.bcweededible.net\\\/fr\\\/buy\\\/marques\\\/eden-edibles-fr\\\/100mg-thc-jujubes\\\/\"]}]},{\"@type\":\"ImageObject\",\"inLanguage\":\"fr-FR\",\"@id\":\"https:\\\/\\\/stgbc.bcweededible.net\\\/fr\\\/buy\\\/marques\\\/eden-edibles-fr\\\/100mg-thc-jujubes\\\/#primaryimage\",\"url\":\"https:\\\/\\\/stgbc.bcweededible.net\\\/wp-content\\\/uploads\\\/2025\\\/06\\\/100mg-thc-gummies-indica-eden2.jpg\",\"contentUrl\":\"https:\\\/\\\/stgbc.bcweededible.net\\\/wp-content\\\/uploads\\\/2025\\\/06\\\/100mg-thc-gummies-indica-eden2.jpg\",\"width\":1080,\"height\":1080},{\"@type\":\"BreadcrumbList\",\"@id\":\"https:\\\/\\\/stgbc.bcweededible.net\\\/fr\\\/buy\\\/marques\\\/eden-edibles-fr\\\/100mg-thc-jujubes\\\/#breadcrumb\",\"itemListElement\":[{\"@type\":\"ListItem\",\"position\":1,\"name\":\"Jujubes au Pot Canada\",\"item\":\"https:\\\/\\\/stgbc.bcweededible.net\\\/fr\\\/shop\\\/\"},{\"@type\":\"ListItem\",\"position\":2,\"name\":\"Jujubes THC 100mg (10x10mg)\"}]},{\"@type\":\"WebSite\",\"@id\":\"https:\\\/\\\/stgbc.bcweededible.net\\\/fr\\\/#website\",\"url\":\"https:\\\/\\\/stgbc.bcweededible.net\\\/fr\\\/\",\"name\":\"BC Weed Edible\",\"description\":\"\",\"publisher\":{\"@id\":\"https:\\\/\\\/stgbc.bcweededible.net\\\/fr\\\/#organization\"},\"potentialAction\":[{\"@type\":\"SearchAction\",\"target\":{\"@type\":\"EntryPoint\",\"urlTemplate\":\"https:\\\/\\\/stgbc.bcweededible.net\\\/fr\\\/?s={search_term_string}\"},\"query-input\":{\"@type\":\"PropertyValueSpecification\",\"valueRequired\":true,\"valueName\":\"search_term_string\"}}],\"inLanguage\":\"fr-FR\"},{\"@type\":\"Organization\",\"@id\":\"https:\\\/\\\/stgbc.bcweededible.net\\\/fr\\\/#organization\",\"name\":\"BC Weed Edible\",\"url\":\"https:\\\/\\\/stgbc.bcweededible.net\\\/fr\\\/\",\"logo\":{\"@type\":\"ImageObject\",\"inLanguage\":\"fr-FR\",\"@id\":\"https:\\\/\\\/stgbc.bcweededible.net\\\/fr\\\/#\\\/schema\\\/logo\\\/image\\\/\",\"url\":\"https:\\\/\\\/stgbc.bcweededible.net\\\/wp-content\\\/uploads\\\/2021\\\/12\\\/bc-weed-edible-canada.png\",\"contentUrl\":\"https:\\\/\\\/stgbc.bcweededible.net\\\/wp-content\\\/uploads\\\/2021\\\/12\\\/bc-weed-edible-canada.png\",\"width\":270,\"height\":185,\"caption\":\"BC Weed Edible\"},\"image\":{\"@id\":\"https:\\\/\\\/stgbc.bcweededible.net\\\/fr\\\/#\\\/schema\\\/logo\\\/image\\\/\"}}]}<\/script>\n","yoast_head_json":{"title":"Acheter 100mg THC Gummy Edibles Canada | BC Weed Edible","description":"Nos Jujubes 100 mg (10x10 mg) de THC sont 100% vegan et naturelles, fabriqu\u00e9es avec les vrais fruits. 10mg est un excellent dosage pour les d\u00e9butants. \u00c0 partir de 9 $ et 20 % de r\u00e9duction sur les m\u00e9langes !","robots":{"index":"index","follow":"follow","max-snippet":"max-snippet:-1","max-image-preview":"max-image-preview:large","max-video-preview":"max-video-preview:-1"},"canonical":"https:\/\/stgbc.bcweededible.net\/fr\/buy\/marques\/eden-edibles-fr\/100mg-thc-jujubes\/","og_locale":"fr_FR","og_type":"article","og_title":"Acheter 100mg THC Gummy Edibles Canada | BC Weed Edible","og_description":"Nos Jujubes 100 mg (10x10 mg) de THC sont 100% vegan et naturelles, fabriqu\u00e9es avec les vrais fruits. 10mg est un excellent dosage pour les d\u00e9butants. \u00c0 partir de 9 $ et 20 % de r\u00e9duction sur les m\u00e9langes !","og_url":"https:\/\/stgbc.bcweededible.net\/fr\/buy\/marques\/eden-edibles-fr\/100mg-thc-jujubes\/","og_site_name":"BC Weed Edible","article_modified_time":"2026-03-23T10:05:22+00:00","og_image":[{"width":1080,"height":1080,"url":"https:\/\/stgbc.bcweededible.net\/wp-content\/uploads\/2025\/06\/100mg-thc-gummies-indica-eden2.jpg","type":"image\/jpeg"}],"twitter_card":"summary_large_image","twitter_misc":{"Dur\u00e9e de lecture estim\u00e9e":"3 minutes"},"schema":{"@context":"https:\/\/schema.org","@graph":[{"@type":"WebPage","@id":"https:\/\/stgbc.bcweededible.net\/fr\/buy\/marques\/eden-edibles-fr\/100mg-thc-jujubes\/","url":"https:\/\/stgbc.bcweededible.net\/fr\/buy\/marques\/eden-edibles-fr\/100mg-thc-jujubes\/","name":"Acheter 100mg THC Gummy Edibles Canada | BC Weed Edible","isPartOf":{"@id":"https:\/\/stgbc.bcweededible.net\/fr\/#website"},"primaryImageOfPage":{"@id":"https:\/\/stgbc.bcweededible.net\/fr\/buy\/marques\/eden-edibles-fr\/100mg-thc-jujubes\/#primaryimage"},"image":{"@id":"https:\/\/stgbc.bcweededible.net\/fr\/buy\/marques\/eden-edibles-fr\/100mg-thc-jujubes\/#primaryimage"},"thumbnailUrl":"https:\/\/stgbc.bcweededible.net\/wp-content\/uploads\/2025\/06\/100mg-thc-gummies-indica-eden2.jpg","datePublished":"2022-04-07T23:42:26+00:00","dateModified":"2026-03-23T10:05:22+00:00","description":"Nos Jujubes 100 mg (10x10 mg) de THC sont 100% vegan et naturelles, fabriqu\u00e9es avec les vrais fruits. 10mg est un excellent dosage pour les d\u00e9butants. \u00c0 partir de 9 $ et 20 % de r\u00e9duction sur les m\u00e9langes !","breadcrumb":{"@id":"https:\/\/stgbc.bcweededible.net\/fr\/buy\/marques\/eden-edibles-fr\/100mg-thc-jujubes\/#breadcrumb"},"inLanguage":"fr-FR","potentialAction":[{"@type":"ReadAction","target":["https:\/\/stgbc.bcweededible.net\/fr\/buy\/marques\/eden-edibles-fr\/100mg-thc-jujubes\/"]}]},{"@type":"ImageObject","inLanguage":"fr-FR","@id":"https:\/\/stgbc.bcweededible.net\/fr\/buy\/marques\/eden-edibles-fr\/100mg-thc-jujubes\/#primaryimage","url":"https:\/\/stgbc.bcweededible.net\/wp-content\/uploads\/2025\/06\/100mg-thc-gummies-indica-eden2.jpg","contentUrl":"https:\/\/stgbc.bcweededible.net\/wp-content\/uploads\/2025\/06\/100mg-thc-gummies-indica-eden2.jpg","width":1080,"height":1080},{"@type":"BreadcrumbList","@id":"https:\/\/stgbc.bcweededible.net\/fr\/buy\/marques\/eden-edibles-fr\/100mg-thc-jujubes\/#breadcrumb","itemListElement":[{"@type":"ListItem","position":1,"name":"Jujubes au Pot Canada","item":"https:\/\/stgbc.bcweededible.net\/fr\/shop\/"},{"@type":"ListItem","position":2,"name":"Jujubes THC 100mg (10x10mg)"}]},{"@type":"WebSite","@id":"https:\/\/stgbc.bcweededible.net\/fr\/#website","url":"https:\/\/stgbc.bcweededible.net\/fr\/","name":"BC Weed Edible","description":"","publisher":{"@id":"https:\/\/stgbc.bcweededible.net\/fr\/#organization"},"potentialAction":[{"@type":"SearchAction","target":{"@type":"EntryPoint","urlTemplate":"https:\/\/stgbc.bcweededible.net\/fr\/?s={search_term_string}"},"query-input":{"@type":"PropertyValueSpecification","valueRequired":true,"valueName":"search_term_string"}}],"inLanguage":"fr-FR"},{"@type":"Organization","@id":"https:\/\/stgbc.bcweededible.net\/fr\/#organization","name":"BC Weed Edible","url":"https:\/\/stgbc.bcweededible.net\/fr\/","logo":{"@type":"ImageObject","inLanguage":"fr-FR","@id":"https:\/\/stgbc.bcweededible.net\/fr\/#\/schema\/logo\/image\/","url":"https:\/\/stgbc.bcweededible.net\/wp-content\/uploads\/2021\/12\/bc-weed-edible-canada.png","contentUrl":"https:\/\/stgbc.bcweededible.net\/wp-content\/uploads\/2021\/12\/bc-weed-edible-canada.png","width":270,"height":185,"caption":"BC Weed Edible"},"image":{"@id":"https:\/\/stgbc.bcweededible.net\/fr\/#\/schema\/logo\/image\/"}}]}},"_links":{"self":[{"href":"https:\/\/stgbc.bcweededible.net\/fr\/wp-json\/wp\/v2\/product\/12997","targetHints":{"allow":["GET"]}}],"collection":[{"href":"https:\/\/stgbc.bcweededible.net\/fr\/wp-json\/wp\/v2\/product"}],"about":[{"href":"https:\/\/stgbc.bcweededible.net\/fr\/wp-json\/wp\/v2\/types\/product"}],"replies":[{"embeddable":true,"href":"https:\/\/stgbc.bcweededible.net\/fr\/wp-json\/wp\/v2\/comments?post=12997"}],"wp:featuredmedia":[{"embeddable":true,"href":"https:\/\/stgbc.bcweededible.net\/fr\/wp-json\/wp\/v2\/media\/99951"}],"wp:attachment":[{"href":"https:\/\/stgbc.bcweededible.net\/fr\/wp-json\/wp\/v2\/media?parent=12997"}],"wp:term":[{"taxonomy":"product_brand","embeddable":true,"href":"https:\/\/stgbc.bcweededible.net\/fr\/wp-json\/wp\/v2\/product_brand?post=12997"},{"taxonomy":"product_cat","embeddable":true,"href":"https:\/\/stgbc.bcweededible.net\/fr\/wp-json\/wp\/v2\/product_cat?post=12997"},{"taxonomy":"product_tag","embeddable":true,"href":"https:\/\/stgbc.bcweededible.net\/fr\/wp-json\/wp\/v2\/product_tag?post=12997"}],"curies":[{"name":"wp","href":"https:\/\/api.w.org\/{rel}","templated":true}]}}